{"id":10581,"date":"2020-02-23T08:52:18","date_gmt":"2020-02-23T07:52:18","guid":{"rendered":"https:\/\/www.ganes.cz\/?page_id=10581"},"modified":"2022-04-27T12:46:58","modified_gmt":"2022-04-27T10:46:58","slug":"career","status":"publish","type":"page","link":"https:\/\/www.ganes.cz\/en\/career\/","title":{"rendered":"Career"},"content":{"rendered":"<p>[et_pb_section fb_built=&#8221;1&#8243; fullwidth=&#8221;on&#8221; _builder_version=&#8221;4.16&#8243; global_colors_info=&#8221;{}&#8221;][et_pb_fullwidth_header title=&#8221;Career&#8221; text_orientation=&#8221;center&#8221; _builder_version=&#8221;4.16&#8243; title_font=&#8221;|700||on|||||&#8221; title_font_size=&#8221;48px&#8221; content_font=&#8221;||||||||&#8221; subhead_font=&#8221;||||||||&#8221; subhead_font_size=&#8221;39px&#8221; background_color=&#8221;#ffffff&#8221; use_background_color_gradient=&#8221;on&#8221; background_color_gradient_type=&#8221;circular&#8221; background_color_gradient_stops=&#8221;rgba(0,0,0,0.32) 0%|rgba(33,0,6,0) 100%&#8221; background_color_gradient_overlays_image=&#8221;on&#8221; background_color_gradient_start=&#8221;rgba(0,0,0,0.32)&#8221; background_color_gradient_end=&#8221;rgba(33,0,6,0)&#8221; background_image=&#8221;https:\/\/www.ganes.cz\/wp-content\/uploads\/kariera.jpg&#8221; custom_button_one=&#8221;on&#8221; button_one_text_color=&#8221;#ffffff&#8221; button_one_bg_color=&#8221;#5e9e4e&#8221; button_one_border_color=&#8221;#5e9e4e&#8221; button_one_font=&#8221;|||on|||||&#8221; custom_button_two=&#8221;on&#8221; button_two_text_color=&#8221;#5E9E4E&#8221; button_two_bg_color=&#8221;#ffffff&#8221; button_two_border_color=&#8221;#ffffff&#8221; button_two_font=&#8221;|||on|||||&#8221; custom_padding=&#8221;120px||120px||false|false&#8221; title_font_size_tablet=&#8221;&#8221; title_font_size_phone=&#8221;30px&#8221; title_font_size_last_edited=&#8221;on|phone&#8221; title_text_shadow_style=&#8221;preset2&#8243; content_text_shadow_style=&#8221;preset2&#8243; subhead_text_shadow_style=&#8221;preset2&#8243; global_colors_info=&#8221;{}&#8221;][\/et_pb_fullwidth_header][\/et_pb_section][et_pb_section fb_built=&#8221;1&#8243; _builder_version=&#8221;4.16&#8243; global_colors_info=&#8221;{}&#8221;][et_pb_row _builder_version=&#8221;4.16&#8243; background_size=&#8221;initial&#8221; background_position=&#8221;top_left&#8221; background_repeat=&#8221;repeat&#8221; global_colors_info=&#8221;{}&#8221;][et_pb_column type=&#8221;4_4&#8243; _builder_version=&#8221;4.16&#8243; custom_padding=&#8221;|||&#8221; global_colors_info=&#8221;{}&#8221; custom_padding__hover=&#8221;|||&#8221;][et_pb_text _builder_version=&#8221;4.16&#8243; header_font=&#8221;|600||on|||||&#8221; header_2_font=&#8221;|||on|||||&#8221; background_size=&#8221;initial&#8221; background_position=&#8221;top_left&#8221; background_repeat=&#8221;repeat&#8221; text_orientation=&#8221;center&#8221; text_text_align=&#8221;center&#8221; global_colors_info=&#8221;{}&#8221;]<\/p>\n<h2>Offered positions<\/h2>\n<p>[\/et_pb_text][et_pb_divider color=&#8221;#6DB457&#8243; divider_weight=&#8221;3px&#8221; _builder_version=&#8221;4.16&#8243; width=&#8221;10%&#8221; module_alignment=&#8221;center&#8221; saved_tabs=&#8221;all&#8221; global_colors_info=&#8221;{}&#8221;][\/et_pb_divider][et_pb_text _builder_version=&#8221;4.17.3&#8243; background_size=&#8221;initial&#8221; background_position=&#8221;top_left&#8221; background_repeat=&#8221;repeat&#8221; text_orientation=&#8221;justify&#8221; hover_enabled=&#8221;0&#8243; text_text_align=&#8221;justify&#8221; global_colors_info=&#8221;{}&#8221; sticky_enabled=&#8221;0&#8243;]<\/p>\n<p>As part of constant care for the development of its personnel base, the company is constantly looking for new job seekers \u2013 potential colleagues.<\/p>\n<p>Due to the company&#8217;s&nbsp;focus, we prefer candidates with completed secondary or university education in mechanical or electrical engineering to fill the positions of design engineer and constructor.<\/p>\n<p>We are equallyinterested in expanding our service activities by workers with adequate engineering qualification.<\/p>\n<h3>We offer<\/h3>\n<ul>\n<li>independent creative activity<\/li>\n<li>background of a&nbsp;company with the long history<\/li>\n<li>flexible working hours<\/li>\n<li>above average wage<\/li>\n<li>canteen catering<\/li>\n<li>service vehicle and other benefits<\/li>\n<\/ul>\n<p>If you are interested in working in our company, do not hesitate to contact our HR department. We will contact you electronically or by phone after receiving an email with your vision and attached CV.<\/p>\n<p>Phone: +420&nbsp;569&nbsp;713&nbsp;255<br \/>\nEmail: <a href=\"mailto:finance@ganes.cz\">finance@ganes.cz<\/a><\/p>\n<p>[\/et_pb_text][et_pb_text _builder_version=&#8221;4.16&#8243; text_font=&#8221;||on||||||&#8221; text_orientation=&#8221;justified&#8221; global_colors_info=&#8221;{}&#8221;]<\/p>\n<h3>I agree to the processing of my personal data<\/h3>\n<p>I agree to the processing of my personal data in accordance with the Personal DataProtection Act for sending business or other marketing information in accordance with the Electronic Services Act to an email address or mobile phone or other electronic contact provided for this purpose. I&nbsp;voluntarily provided personal information. I&nbsp;understand that I&nbsp;can correct my information and may request that it be deleted.<\/p>\n<p>[\/et_pb_text][\/et_pb_column][\/et_pb_row][\/et_pb_section][et_pb_section fb_built=&#8221;1&#8243; admin_label=&#8221;EN&#8221; _builder_version=&#8221;4.4.0&#8243; background_color=&#8221;#5E9E4E&#8221; global_module=&#8221;11171&#8243; saved_tabs=&#8221;all&#8221; global_colors_info=&#8221;{}&#8221;][et_pb_row column_structure=&#8221;1_4,3_4&#8243; _builder_version=&#8221;4.16&#8243; global_colors_info=&#8221;{}&#8221;][et_pb_column type=&#8221;1_4&#8243; _builder_version=&#8221;4.16&#8243; custom_padding=&#8221;|||&#8221; global_colors_info=&#8221;{}&#8221; custom_padding__hover=&#8221;|||&#8221;][et_pb_text _builder_version=&#8221;4.16&#8243; link_font=&#8221;||||on|||#ffffff|&#8221; link_text_color=&#8221;#ffffff&#8221; background_layout=&#8221;dark&#8221; global_colors_info=&#8221;{}&#8221;]<\/p>\n<p><img loading=\"lazy\" decoding=\"async\" class=\"alignnone wp-image-10033 size-full\" src=\"https:\/\/www.ganes.cz\/wp-content\/uploads\/logo-32.png\" alt=\"GANES s.r.o.\" width=\"225\" height=\"32\" \/><\/p>\n<p>GANES s.r.o.<br \/>\nMarie Majerov\u00e9 1152<br \/>\n584&nbsp;01 Lede\u010d nad S\u00e1zavou<br \/>\nCzech Republic<\/p>\n<p>Company ID: 48171981<br \/>\nVAT number: CZ48171981<\/p>\n<p>Phone: +420&nbsp;569&nbsp;726&nbsp;039<br \/>\nPhone: +420&nbsp;569&nbsp;713&nbsp;241<\/p>\n<p>Email: <a href=\"mailto:ganes@ganes.cz\">ganes@ganes.cz<\/a><br \/>\nWeb: <a href=\"https:\/\/www.ganes.cz\">www.ganes.cz<\/a><\/p>\n<p>[\/et_pb_text][\/et_pb_column][et_pb_column type=&#8221;3_4&#8243; _builder_version=&#8221;4.16&#8243; custom_padding=&#8221;|||&#8221; global_colors_info=&#8221;{}&#8221; custom_padding__hover=&#8221;|||&#8221;][et_pb_text _builder_version=&#8221;4.16&#8243; text_text_color=&#8221;#ffffff&#8221; header_2_font=&#8221;|600||on|||||&#8221; text_orientation=&#8221;center&#8221; background_layout=&#8221;dark&#8221; text_text_align=&#8221;center&#8221; global_colors_info=&#8221;{}&#8221;]<\/p>\n<h2>Write us<\/h2>\n<p>[\/et_pb_text][et_pb_divider color=&#8221;#ffffff&#8221; divider_weight=&#8221;3px&#8221; _builder_version=&#8221;4.16&#8243; width=&#8221;10%&#8221; module_alignment=&#8221;center&#8221; global_colors_info=&#8221;{}&#8221;][\/et_pb_divider][et_pb_contact_form captcha=&#8221;off&#8221; email=&#8221;ganes@ganes.cz&#8221; _builder_version=&#8221;4.16&#8243; _unique_id=&#8221;498f4e59-db5f-4162-997d-35cb14ae8003&#8243; title_level=&#8221;h2&#8243; title_font=&#8221;||||||||&#8221; title_text_align=&#8221;center&#8221; title_text_color=&#8221;#ffffff&#8221; title_font_size=&#8221;42px&#8221; form_field_font=&#8221;||||||||&#8221; form_field_font_size=&#8221;17px&#8221; custom_button=&#8221;on&#8221; button_bg_color=&#8221;#ffffff&#8221; button_border_color=&#8221;#ffffff&#8221; button_text_size_last_edited=&#8221;off|desktop&#8221; box_shadow_style_button=&#8221;preset3&#8243; global_colors_info=&#8221;{}&#8221; button_text_color__hover_enabled=&#8221;on|desktop&#8221;][et_pb_contact_field field_id=&#8221;Name&#8221; field_title=&#8221;Name&#8221; _builder_version=&#8221;4.16&#8243; global_colors_info=&#8221;{}&#8221; button_text_size__hover_enabled=&#8221;off&#8221; button_one_text_size__hover_enabled=&#8221;off&#8221; button_two_text_size__hover_enabled=&#8221;off&#8221; button_text_color__hover_enabled=&#8221;off&#8221; button_one_text_color__hover_enabled=&#8221;off&#8221; button_two_text_color__hover_enabled=&#8221;off&#8221; button_border_width__hover_enabled=&#8221;off&#8221; button_one_border_width__hover_enabled=&#8221;off&#8221; button_two_border_width__hover_enabled=&#8221;off&#8221; button_border_color__hover_enabled=&#8221;off&#8221; button_one_border_color__hover_enabled=&#8221;off&#8221; button_two_border_color__hover_enabled=&#8221;off&#8221; button_border_radius__hover_enabled=&#8221;off&#8221; button_one_border_radius__hover_enabled=&#8221;off&#8221; button_two_border_radius__hover_enabled=&#8221;off&#8221; button_letter_spacing__hover_enabled=&#8221;off&#8221; button_one_letter_spacing__hover_enabled=&#8221;off&#8221; button_two_letter_spacing__hover_enabled=&#8221;off&#8221; button_bg_color__hover_enabled=&#8221;off&#8221; button_one_bg_color__hover_enabled=&#8221;off&#8221; button_two_bg_color__hover_enabled=&#8221;off&#8221;][\/et_pb_contact_field][et_pb_contact_field field_id=&#8221;Email&#8221; field_title=&#8221;Email&#8221; field_type=&#8221;email&#8221; _builder_version=&#8221;4.16&#8243; global_colors_info=&#8221;{}&#8221; button_text_size__hover_enabled=&#8221;off&#8221; button_one_text_size__hover_enabled=&#8221;off&#8221; button_two_text_size__hover_enabled=&#8221;off&#8221; button_text_color__hover_enabled=&#8221;off&#8221; button_one_text_color__hover_enabled=&#8221;off&#8221; button_two_text_color__hover_enabled=&#8221;off&#8221; button_border_width__hover_enabled=&#8221;off&#8221; button_one_border_width__hover_enabled=&#8221;off&#8221; button_two_border_width__hover_enabled=&#8221;off&#8221; button_border_color__hover_enabled=&#8221;off&#8221; button_one_border_color__hover_enabled=&#8221;off&#8221; button_two_border_color__hover_enabled=&#8221;off&#8221; button_border_radius__hover_enabled=&#8221;off&#8221; button_one_border_radius__hover_enabled=&#8221;off&#8221; button_two_border_radius__hover_enabled=&#8221;off&#8221; button_letter_spacing__hover_enabled=&#8221;off&#8221; button_one_letter_spacing__hover_enabled=&#8221;off&#8221; button_two_letter_spacing__hover_enabled=&#8221;off&#8221; button_bg_color__hover_enabled=&#8221;off&#8221; button_one_bg_color__hover_enabled=&#8221;off&#8221; button_two_bg_color__hover_enabled=&#8221;off&#8221;][\/et_pb_contact_field][et_pb_contact_field field_id=&#8221;Message&#8221; field_title=&#8221;Message&#8221; field_type=&#8221;text&#8221; fullwidth_field=&#8221;on&#8221; _builder_version=&#8221;4.16&#8243; global_colors_info=&#8221;{}&#8221; button_text_size__hover_enabled=&#8221;off&#8221; button_one_text_size__hover_enabled=&#8221;off&#8221; button_two_text_size__hover_enabled=&#8221;off&#8221; button_text_color__hover_enabled=&#8221;off&#8221; button_one_text_color__hover_enabled=&#8221;off&#8221; button_two_text_color__hover_enabled=&#8221;off&#8221; button_border_width__hover_enabled=&#8221;off&#8221; button_one_border_width__hover_enabled=&#8221;off&#8221; button_two_border_width__hover_enabled=&#8221;off&#8221; button_border_color__hover_enabled=&#8221;off&#8221; button_one_border_color__hover_enabled=&#8221;off&#8221; button_two_border_color__hover_enabled=&#8221;off&#8221; button_border_radius__hover_enabled=&#8221;off&#8221; button_one_border_radius__hover_enabled=&#8221;off&#8221; button_two_border_radius__hover_enabled=&#8221;off&#8221; button_letter_spacing__hover_enabled=&#8221;off&#8221; button_one_letter_spacing__hover_enabled=&#8221;off&#8221; button_two_letter_spacing__hover_enabled=&#8221;off&#8221; button_bg_color__hover_enabled=&#8221;off&#8221; button_one_bg_color__hover_enabled=&#8221;off&#8221; button_two_bg_color__hover_enabled=&#8221;off&#8221;][\/et_pb_contact_field][\/et_pb_contact_form][\/et_pb_column][\/et_pb_row][\/et_pb_section]<\/p>\n","protected":false},"excerpt":{"rendered":"<p>Offered positions As part of constant care for the development of its personnel base, the company is constantly looking for new job seekers \u2013 potential colleagues. Due to the company&#8217;s&nbsp;focus, we prefer candidates with completed secondary or university education in mechanical or electrical engineering to fill the positions of design engineer and constructor. We [&hellip;]<\/p>\n","protected":false},"author":1,"featured_media":0,"parent":0,"menu_order":0,"comment_status":"closed","ping_status":"closed","template":"","meta":{"_et_pb_use_builder":"on","_et_pb_old_content":"<p>[et_pb_section fb_built=\"1\" fullwidth=\"on\" _builder_version=\"4.1\"][et_pb_fullwidth_header title=\"Kari\u00e9ra\" text_orientation=\"center\" _builder_version=\"4.2.2\" title_font=\"|700||on|||||\" title_font_size=\"48px\" content_font=\"||||||||\" subhead_font=\"||||||||\" subhead_font_size=\"39px\" background_color=\"#ffffff\" use_background_color_gradient=\"on\" background_color_gradient_start=\"rgba(0,0,0,0.32)\" background_color_gradient_end=\"rgba(33,0,6,0)\" background_color_gradient_type=\"radial\" background_color_gradient_overlays_image=\"on\" background_image=\"https:\/\/www.ganes.cz\/wp-content\/uploads\/kariera.jpg\" custom_button_one=\"on\" button_one_text_color=\"#ffffff\" button_one_bg_color=\"#5e9e4e\" button_one_border_color=\"#5e9e4e\" button_one_font=\"|||on|||||\" custom_button_two=\"on\" button_two_text_color=\"#5E9E4E\" button_two_bg_color=\"#ffffff\" button_two_border_color=\"#ffffff\" button_two_font=\"|||on|||||\" custom_padding=\"120px||120px||false|false\" hover_enabled=\"0\" title_text_shadow_style=\"preset2\" content_text_shadow_style=\"preset2\" subhead_text_shadow_style=\"preset2\" title_font_size_last_edited=\"on|phone\" title_font_size_phone=\"30px\"][\/et_pb_fullwidth_header][\/et_pb_section][et_pb_section fb_built=\"1\" _builder_version=\"3.22\"][et_pb_row _builder_version=\"3.25\" background_size=\"initial\" background_position=\"top_left\" background_repeat=\"repeat\"][et_pb_column type=\"4_4\" _builder_version=\"3.25\" custom_padding=\"|||\" custom_padding__hover=\"|||\"][et_pb_text _builder_version=\"4.1\" header_font=\"|600||on|||||\" header_2_font=\"|||on|||||\" background_size=\"initial\" background_position=\"top_left\" background_repeat=\"repeat\" text_orientation=\"center\" text_text_align=\"center\"]<\/p><h2>Nab\u00edzen\u00e9 pozice<\/h2><p>[\/et_pb_text][et_pb_divider color=\"#6DB457\" divider_weight=\"3px\" _builder_version=\"3.27.1\" width=\"10%\" module_alignment=\"center\" global_module=\"128\" saved_tabs=\"all\"][\/et_pb_divider][et_pb_text _builder_version=\"4.1\" background_size=\"initial\" background_position=\"top_left\" background_repeat=\"repeat\" text_orientation=\"justify\" text_text_align=\"justify\"]<\/p><p>Spole\u010dnost v r\u00e1mci neust\u00e1le p\u00e9\u010de o rozvoj sv\u00e9 person\u00e1ln\u00ed z\u00e1kladny trvale hled\u00e1 nov\u00e9 z\u00e1jemce o zam\u011bstn\u00e1n\u00ed \u2013 potenci\u00e1ln\u00ed kolegy.<\/p><p>Vzhledem k zam\u011b\u0159en\u00ed spole\u010dnosti up\u0159ednost\u0148ujeme uchaze\u010de s \u00fapln\u00fdm st\u0159edn\u00edm nebo vysoko\u0161kolsk\u00fdm vzd\u011bl\u00e1n\u00edm <strong>strojn\u00edm<\/strong> nebo <strong>elektrotechnick\u00fdm<\/strong> pro obsazen\u00ed pozic <strong>konstrukt\u00e9r<\/strong> a <strong>projektant<\/strong>.<\/p><p>Stejn\u011b tak m\u00e1me z\u00e1jem i o roz\u0161\u00ed\u0159en\u00ed <strong>servisn\u00ed \u010dinnosti<\/strong> pracovn\u00edky s odpov\u00eddaj\u00edc\u00ed stroj\u00edrenskou kvalifikac\u00ed.<\/p><h2>Nab\u00edz\u00edme<\/h2><ul><li>samostatnou tv\u016fr\u010d\u00ed \u010dinnost<\/li><li>z\u00e1zem\u00ed dlouhodob\u011b p\u016fsob\u00edc\u00ed spole\u010dnosti<\/li><li>pru\u017enou pracovn\u00ed dobu<\/li><li>mzdov\u00e9 ohodnocen\u00ed nad pr\u016fm\u011brem<\/li><li>z\u00e1vodn\u00ed stravov\u00e1n\u00ed<\/li><li>servisn\u00ed vozidlo a dal\u0161\u00ed benefity<\/li><\/ul><p>Pokud jste osoba se z\u00e1jmem o pr\u00e1ci v na\u0161\u00ed spole\u010dnosti nev\u00e1hejte kontaktovat na\u0161e person\u00e1ln\u00ed odd\u011blen\u00ed. Po obdr\u017een\u00ed emailu s Va\u0161\u00ed p\u0159edstavou a p\u0159ilo\u017een\u00fdm \u017eivotopisem V\u00e1s budeme elektronicky nebo telefonicky kontaktovat.<\/p><p>Tel.: +420 569 713 255<br \/>Mob: +420 724 062 391<br \/>Email: <a href=\"mailto:pechancova@ganes.cz\">pechancova@ganes.cz<\/a><\/p><p>[\/et_pb_text][et_pb_text _builder_version=\"4.1\" text_orientation=\"justified\"]<\/p><h3>Souhlas\u00edm se zpracov\u00e1n\u00edm sv\u00fdch osobn\u00edch \u00fadaj\u016f<\/h3><p><em>Souhlas\u00edm se zpracov\u00e1n\u00edm sv\u00fdch osobn\u00edch \u00fadaj\u016f v souladu se z\u00e1konem o ochran\u011b osobn\u00edch \u00fadaj\u016f pro zas\u00edl\u00e1n\u00ed obchodn\u00edch nebo jin\u00fdch marketingov\u00fdch informac\u00ed v souladu se z\u00e1konem o elektronick\u00fdch slu\u017eb\u00e1ch na emailovou adresu nebo mobiln\u00ed telefon nebo jin\u00fd elektronick\u00fd kontakt poskytnut\u00fd za t\u00edmto \u00fa\u010delem. Dobrovoln\u011b jsem poskytl osobn\u00ed \u00fadaje. Uv\u011bdomuji si, \u017ee mohu moje \u00fadaje opravit a mohou tak\u00e9 po\u017e\u00e1dat o jejich odstran\u011bn\u00ed.<\/em><\/p><p>[\/et_pb_text][\/et_pb_column][\/et_pb_row][\/et_pb_section][et_pb_section fb_built=\"1\" _builder_version=\"3.27.1\" background_color=\"#5E9E4E\" global_module=\"629\" saved_tabs=\"all\"][et_pb_row column_structure=\"1_4,3_4\" _builder_version=\"4.1\"][et_pb_column type=\"1_4\" _builder_version=\"3.25\" custom_padding=\"|||\" custom_padding__hover=\"|||\"][et_pb_text _builder_version=\"4.2.2\" link_font=\"||||on|||#ffffff|\" link_text_color=\"#ffffff\" background_layout=\"dark\"]<\/p><p><img class=\"wp-image-10033 alignnone size-full\" src=\"https:\/\/www.ganes.cz\/wp-content\/uploads\/logo-32.png\" alt=\"\" width=\"225\" height=\"32\" \/><\/p><p>GANES s.r.o.<br \/>Marie Majerov\u00e9 1152<br \/>584 01 Lede\u010d nad S\u00e1zavou<br \/>Czech Republic<\/p><p>I\u010c: 48171981<br \/>DI\u010c: CZ48171981<\/p><p>Tel.: +420 569 726 039<br \/>Tel.: +420 569 713 241<\/p><p>Email: <a href=\"mailto:ganes@ganes.cz\">ganes@ganes.cz<\/a><br \/>Web: <a href=\"https:\/\/www.ganes.cz\">www.ganes.cz<\/a><\/p><p>[\/et_pb_text][\/et_pb_column][et_pb_column type=\"3_4\" _builder_version=\"3.25\" custom_padding=\"|||\" custom_padding__hover=\"|||\"][et_pb_text _builder_version=\"3.27.4\" text_text_color=\"#ffffff\" header_2_font=\"|600||on|||||\" text_orientation=\"center\" background_layout=\"dark\" text_text_align=\"center\"]<\/p><h2>Napi\u0161te n\u00e1m<\/h2><p>[\/et_pb_text][et_pb_divider color=\"#ffffff\" divider_weight=\"3px\" _builder_version=\"3.26.1\" width=\"10%\" module_alignment=\"center\"][\/et_pb_divider][et_pb_contact_form captcha=\"off\" email=\"ganes@ganes.cz\" _builder_version=\"4.1\" title_level=\"h2\" title_font=\"||||||||\" title_text_align=\"center\" title_text_color=\"#ffffff\" title_font_size=\"42px\" form_field_font=\"||||||||\" form_field_font_size=\"17px\" custom_button=\"on\" button_bg_color=\"#ffffff\" button_border_color=\"#ffffff\" button_text_size_last_edited=\"off|desktop\" box_shadow_style_button=\"preset3\" button_text_color__hover_enabled=\"on|desktop\"][et_pb_contact_field field_id=\"Name\" field_title=\"Jm\u00e9no\" _builder_version=\"3.16\" button_text_size__hover_enabled=\"off\" button_one_text_size__hover_enabled=\"off\" button_two_text_size__hover_enabled=\"off\" button_text_color__hover_enabled=\"off\" button_one_text_color__hover_enabled=\"off\" button_two_text_color__hover_enabled=\"off\" button_border_width__hover_enabled=\"off\" button_one_border_width__hover_enabled=\"off\" button_two_border_width__hover_enabled=\"off\" button_border_color__hover_enabled=\"off\" button_one_border_color__hover_enabled=\"off\" button_two_border_color__hover_enabled=\"off\" button_border_radius__hover_enabled=\"off\" button_one_border_radius__hover_enabled=\"off\" button_two_border_radius__hover_enabled=\"off\" button_letter_spacing__hover_enabled=\"off\" button_one_letter_spacing__hover_enabled=\"off\" button_two_letter_spacing__hover_enabled=\"off\" button_bg_color__hover_enabled=\"off\" button_one_bg_color__hover_enabled=\"off\" button_two_bg_color__hover_enabled=\"off\"][\/et_pb_contact_field][et_pb_contact_field field_id=\"Email\" field_title=\"Email\" field_type=\"email\" _builder_version=\"3.27.1\" button_text_size__hover_enabled=\"off\" button_one_text_size__hover_enabled=\"off\" button_two_text_size__hover_enabled=\"off\" button_text_color__hover_enabled=\"off\" button_one_text_color__hover_enabled=\"off\" button_two_text_color__hover_enabled=\"off\" button_border_width__hover_enabled=\"off\" button_one_border_width__hover_enabled=\"off\" button_two_border_width__hover_enabled=\"off\" button_border_color__hover_enabled=\"off\" button_one_border_color__hover_enabled=\"off\" button_two_border_color__hover_enabled=\"off\" button_border_radius__hover_enabled=\"off\" button_one_border_radius__hover_enabled=\"off\" button_two_border_radius__hover_enabled=\"off\" button_letter_spacing__hover_enabled=\"off\" button_one_letter_spacing__hover_enabled=\"off\" button_two_letter_spacing__hover_enabled=\"off\" button_bg_color__hover_enabled=\"off\" button_one_bg_color__hover_enabled=\"off\" button_two_bg_color__hover_enabled=\"off\"][\/et_pb_contact_field][et_pb_contact_field field_id=\"Message\" field_title=\"Zpr\u00e1va\" field_type=\"text\" fullwidth_field=\"on\" _builder_version=\"3.16\" button_text_size__hover_enabled=\"off\" button_one_text_size__hover_enabled=\"off\" button_two_text_size__hover_enabled=\"off\" button_text_color__hover_enabled=\"off\" button_one_text_color__hover_enabled=\"off\" button_two_text_color__hover_enabled=\"off\" button_border_width__hover_enabled=\"off\" button_one_border_width__hover_enabled=\"off\" button_two_border_width__hover_enabled=\"off\" button_border_color__hover_enabled=\"off\" button_one_border_color__hover_enabled=\"off\" button_two_border_color__hover_enabled=\"off\" button_border_radius__hover_enabled=\"off\" button_one_border_radius__hover_enabled=\"off\" button_two_border_radius__hover_enabled=\"off\" button_letter_spacing__hover_enabled=\"off\" button_one_letter_spacing__hover_enabled=\"off\" button_two_letter_spacing__hover_enabled=\"off\" button_bg_color__hover_enabled=\"off\" button_one_bg_color__hover_enabled=\"off\" button_two_bg_color__hover_enabled=\"off\"][\/et_pb_contact_field][\/et_pb_contact_form][\/et_pb_column][\/et_pb_row][\/et_pb_section]<\/p>","_et_gb_content_width":"","footnotes":""},"class_list":["post-10581","page","type-page","status-publish","hentry"],"_links":{"self":[{"href":"https:\/\/www.ganes.cz\/en\/wp-json\/wp\/v2\/pages\/10581","targetHints":{"allow":["GET"]}}],"collection":[{"href":"https:\/\/www.ganes.cz\/en\/wp-json\/wp\/v2\/pages"}],"about":[{"href":"https:\/\/www.ganes.cz\/en\/wp-json\/wp\/v2\/types\/page"}],"author":[{"embeddable":true,"href":"https:\/\/www.ganes.cz\/en\/wp-json\/wp\/v2\/users\/1"}],"replies":[{"embeddable":true,"href":"https:\/\/www.ganes.cz\/en\/wp-json\/wp\/v2\/comments?post=10581"}],"version-history":[{"count":2,"href":"https:\/\/www.ganes.cz\/en\/wp-json\/wp\/v2\/pages\/10581\/revisions"}],"predecessor-version":[{"id":11794,"href":"https:\/\/www.ganes.cz\/en\/wp-json\/wp\/v2\/pages\/10581\/revisions\/11794"}],"wp:attachment":[{"href":"https:\/\/www.ganes.cz\/en\/wp-json\/wp\/v2\/media?parent=10581"}],"curies":[{"name":"wp","href":"https:\/\/api.w.org\/{rel}","templated":true}]}}