{"id":10833,"date":"2020-02-23T11:51:49","date_gmt":"2020-02-23T10:51:49","guid":{"rendered":"https:\/\/www.ganes.cz\/?page_id=10833"},"modified":"2022-04-27T14:14:01","modified_gmt":"2022-04-27T12:14:01","slug":"karrier","status":"publish","type":"page","link":"https:\/\/www.ganes.cz\/hu\/karrier\/","title":{"rendered":"Karrier"},"content":{"rendered":"<p>[et_pb_section fb_built=&#8221;1&#8243; fullwidth=&#8221;on&#8221; _builder_version=&#8221;4.16&#8243; global_colors_info=&#8221;{}&#8221;][et_pb_fullwidth_header title=&#8221;Karrier&#8221; text_orientation=&#8221;center&#8221; _builder_version=&#8221;4.16&#8243; title_font=&#8221;|700||on|||||&#8221; title_font_size=&#8221;48px&#8221; content_font=&#8221;||||||||&#8221; subhead_font=&#8221;||||||||&#8221; subhead_font_size=&#8221;39px&#8221; background_color=&#8221;#ffffff&#8221; use_background_color_gradient=&#8221;on&#8221; background_color_gradient_type=&#8221;circular&#8221; background_color_gradient_stops=&#8221;rgba(0,0,0,0.32) 0%|rgba(33,0,6,0) 100%&#8221; background_color_gradient_overlays_image=&#8221;on&#8221; background_color_gradient_start=&#8221;rgba(0,0,0,0.32)&#8221; background_color_gradient_end=&#8221;rgba(33,0,6,0)&#8221; background_image=&#8221;https:\/\/www.ganes.cz\/wp-content\/uploads\/kariera.jpg&#8221; custom_button_one=&#8221;on&#8221; button_one_text_color=&#8221;#ffffff&#8221; button_one_bg_color=&#8221;#5e9e4e&#8221; button_one_border_color=&#8221;#5e9e4e&#8221; button_one_font=&#8221;|||on|||||&#8221; custom_button_two=&#8221;on&#8221; button_two_text_color=&#8221;#5E9E4E&#8221; button_two_bg_color=&#8221;#ffffff&#8221; button_two_border_color=&#8221;#ffffff&#8221; button_two_font=&#8221;|||on|||||&#8221; custom_padding=&#8221;120px||120px||false|false&#8221; title_font_size_tablet=&#8221;&#8221; title_font_size_phone=&#8221;30px&#8221; title_font_size_last_edited=&#8221;on|phone&#8221; title_text_shadow_style=&#8221;preset2&#8243; content_text_shadow_style=&#8221;preset2&#8243; subhead_text_shadow_style=&#8221;preset2&#8243; global_colors_info=&#8221;{}&#8221;][\/et_pb_fullwidth_header][\/et_pb_section][et_pb_section fb_built=&#8221;1&#8243; _builder_version=&#8221;4.16&#8243; global_colors_info=&#8221;{}&#8221;][et_pb_row _builder_version=&#8221;4.16&#8243; background_size=&#8221;initial&#8221; background_position=&#8221;top_left&#8221; background_repeat=&#8221;repeat&#8221; global_colors_info=&#8221;{}&#8221;][et_pb_column type=&#8221;4_4&#8243; _builder_version=&#8221;4.16&#8243; custom_padding=&#8221;|||&#8221; global_colors_info=&#8221;{}&#8221; custom_padding__hover=&#8221;|||&#8221;][et_pb_text _builder_version=&#8221;4.16&#8243; header_font=&#8221;|600||on|||||&#8221; header_2_font=&#8221;|||on|||||&#8221; background_size=&#8221;initial&#8221; background_position=&#8221;top_left&#8221; background_repeat=&#8221;repeat&#8221; text_orientation=&#8221;center&#8221; text_text_align=&#8221;center&#8221; global_colors_info=&#8221;{}&#8221;]<\/p>\n<h2><span>Aj\u00e1nlott munkapoz\u00edci\u00f3k <\/span><\/h2>\n<p>[\/et_pb_text][et_pb_divider color=&#8221;#6DB457&#8243; divider_weight=&#8221;3px&#8221; _builder_version=&#8221;4.16&#8243; width=&#8221;10%&#8221; module_alignment=&#8221;center&#8221; saved_tabs=&#8221;all&#8221; global_colors_info=&#8221;{}&#8221;][\/et_pb_divider][et_pb_text _builder_version=&#8221;4.17.3&#8243; background_size=&#8221;initial&#8221; background_position=&#8221;top_left&#8221; background_repeat=&#8221;repeat&#8221; text_orientation=&#8221;justify&#8221; hover_enabled=&#8221;0&#8243; text_text_align=&#8221;justify&#8221; global_colors_info=&#8221;{}&#8221; sticky_enabled=&#8221;0&#8243;]<\/p>\n<p>T\u00e1rsas\u00e1gunk a&nbsp;szem\u00e9ly\u00fcgyi h\u00e1tter\u00e9nek fejleszt\u00e9se ir\u00e1nti folyamatos gondoskod\u00e1s keret\u00e9ben folyamatosan \u00faj \u00e1ll\u00e1skeres\u0151ket &#8211; potenci\u00e1lis koll\u00e9g\u00e1kat keres.<\/p>\n<p>Tekintettel a&nbsp;t\u00e1rsas\u00e1g szakmai ir\u00e1nyults\u00e1g\u00e1ra els\u0151sorban teljesk\u00f6r\u0171 g\u00e9p\u00e9szeti vagy elektrotechnikai k\u00f6z\u00e9p- vagy fels\u0151fok\u00fa v\u00e9gzetts\u00e9g\u0171 \u00e9rdekl\u0151d\u0151k jelentkez\u00e9s\u00e9t v\u00e1rja a&nbsp;konstrukt\u0151ri \u00e9s tervez\u0151i poz\u00edci\u00f3k bet\u00f6lt\u00e9s\u00e9re.<\/p>\n<p>Ugyan\u00edgy v\u00e1rjuk a&nbsp;megfelel\u0151 szervizg\u00e9p\u00e9szeti k\u00e9pzetts\u00e9g\u0171 dolgoz\u00f3k jelentkez\u00e9s\u00e9t a&nbsp;szerviztev\u00e9kenys\u00e9g\u00fcnk b\u0151v\u00edt\u00e9s\u00e9re.<\/p>\n<h2>Amit aj\u00e1nlunk<\/h2>\n<ul>\n<li>\u00f6n\u00e1ll\u00f3 alkot\u00f3 tev\u00e9kenys\u00e9g<\/li>\n<li>egy r\u00e9g\u00f3ta m\u0171k\u00f6d\u0151 t\u00e1rsas\u00e1g h\u00e1ttere<\/li>\n<li>rugalmas munkaid\u0151<\/li>\n<li>\u00e1tlagon fel\u00fcli b\u00e9rez\u00e9si felt\u00e9telek<\/li>\n<li>\u00fczemi \u00e9tkeztet\u00e9s<\/li>\n<li>szervizj\u00e1rm\u0171 \u00e9s tov\u00e1bbi el\u0151ny\u00f6k<\/li>\n<\/ul>\n<p>Ha \u00d6n is \u00e9rdekl\u0151dik a&nbsp;t\u00e1rsas\u00e1gunkban v\u00e9gezhet\u0151 munka ir\u00e1nt, l\u00e9pjen kapcsolatba a&nbsp;szem\u00e9ly\u00fcgyi oszt\u00e1lyunkkal. Miut\u00e1n megkaptuk az elk\u00e9pzel\u00e9seit \u00e9s a&nbsp;csatolt \u00e9letrajz\u00e1t tartalmaz\u00f3 e-mailt, felvessz\u00fck \u00d6nnel a&nbsp;kapcsolatot elektronikusan vagy telefonon.<\/p>\n<p>Tel.: +420&nbsp;569&nbsp;713&nbsp;255<br \/>Email: <a href=\"mailto:finance@ganes.cz\">finance@ganes.cz<\/a><span style=\"font-size: 17px;\"><br \/><\/span><\/p>\n<p>[\/et_pb_text][et_pb_text _builder_version=&#8221;4.16&#8243; text_font=&#8221;||on||||||&#8221; text_orientation=&#8221;justified&#8221; global_colors_info=&#8221;{}&#8221;]<\/p>\n<h3>Elfogadom a&nbsp;szem\u00e9lyes adataim kezel\u00e9s\u00e9t<\/h3>\n<p>Elfogadom a&nbsp;szem\u00e9lyes adataim kezel\u00e9s\u00e9t a&nbsp;szem\u00e9lyes adatok v\u00e9delm\u00e9r\u0151l sz\u00f3l t\u00f6rv\u00e9ny \u00e9rtelm\u00e9ben az \u00fczleti vagy m\u00e1s marketing inform\u00e1ci\u00f3k k\u00fcld\u00e9s\u00e9re az elektronikus levelez\u00e9s vagy mobiltelefon vagy egy\u00e9b ilyen c\u00e9l\u00fa elektronikus el\u00e9rhet\u0151s\u00e9g r\u00e9v\u00e9n k\u00fcld\u00f6tt elektronikus szolg\u00e1ltat\u00e1sokr\u00f3l sz\u00f3l\u00f3 t\u00f6rv\u00e9ny \u00e9rtelm\u00e9ben. A&nbsp;szem\u00e9lyes adatokat \u00f6nk\u00e9nt adtam \u00e1t. Tiszt\u00e1ban vagyok azzal, hogy k\u00e9rhetem a&nbsp;szem\u00e9lyes adataim m\u00f3dos\u00edt\u00e1s\u00e1t vagy t\u00f6rl\u00e9s\u00e9t.<\/p>\n<p>[\/et_pb_text][\/et_pb_column][\/et_pb_row][\/et_pb_section][et_pb_section fb_built=&#8221;1&#8243; admin_label=&#8221;HU&#8221; _builder_version=&#8221;4.4.0&#8243; background_color=&#8221;#5E9E4E&#8221; global_module=&#8221;629&#8243; saved_tabs=&#8221;all&#8221; global_colors_info=&#8221;{}&#8221;][et_pb_row column_structure=&#8221;1_4,3_4&#8243; _builder_version=&#8221;4.16&#8243; global_colors_info=&#8221;{}&#8221;][et_pb_column type=&#8221;1_4&#8243; _builder_version=&#8221;4.16&#8243; custom_padding=&#8221;|||&#8221; global_colors_info=&#8221;{}&#8221; custom_padding__hover=&#8221;|||&#8221;][et_pb_text _builder_version=&#8221;4.16&#8243; link_font=&#8221;||||on|||#ffffff|&#8221; link_text_color=&#8221;#ffffff&#8221; background_layout=&#8221;dark&#8221; global_colors_info=&#8221;{}&#8221;]<\/p>\n<p><img loading=\"lazy\" decoding=\"async\" class=\"wp-image-10033 alignnone size-full\" src=\"https:\/\/www.ganes.cz\/wp-content\/uploads\/logo-32.png\" alt=\"\" width=\"225\" height=\"32\" \/><\/p>\n<p>GANES s.r.o.<br \/>Marie Majerov\u00e9 1152<br \/>584&nbsp;01 Lede\u010d nad S\u00e1zavou<br \/>Cseh K\u00f6zt\u00e1rsas\u00e1g<\/p>\n<p>Azonos\u00edt\u00f3sz\u00e1m: 48171981<br \/>Ad\u00f3sz\u00e1ma: CZ48171981<\/p>\n<p>Phone: +420&nbsp;569&nbsp;726&nbsp;039<br \/>Phone: +420&nbsp;569&nbsp;713&nbsp;241<\/p>\n<p>E-mail: <a href=\"mailto:ganes@ganes.cz\">ganes@ganes.cz<\/a><br \/>Web: <a href=\"https:\/\/www.ganes.cz\">www.ganes.cz<\/a><\/p>\n<p>[\/et_pb_text][\/et_pb_column][et_pb_column type=&#8221;3_4&#8243; _builder_version=&#8221;4.16&#8243; custom_padding=&#8221;|||&#8221; global_colors_info=&#8221;{}&#8221; custom_padding__hover=&#8221;|||&#8221;][et_pb_text _builder_version=&#8221;4.16&#8243; text_text_color=&#8221;#ffffff&#8221; header_2_font=&#8221;|600||on|||||&#8221; text_orientation=&#8221;center&#8221; background_layout=&#8221;dark&#8221; text_text_align=&#8221;center&#8221; global_colors_info=&#8221;{}&#8221;]<\/p>\n<h2>\u00cdrjon nek\u00fcnk<\/h2>\n<p>[\/et_pb_text][et_pb_divider color=&#8221;#ffffff&#8221; divider_weight=&#8221;3px&#8221; _builder_version=&#8221;4.16&#8243; width=&#8221;10%&#8221; module_alignment=&#8221;center&#8221; global_colors_info=&#8221;{}&#8221;][\/et_pb_divider][et_pb_contact_form captcha=&#8221;off&#8221; email=&#8221;ganes@ganes.cz&#8221; _builder_version=&#8221;4.16&#8243; _unique_id=&#8221;d78be1cd-e762-49e8-8349-eee21e6767f4&#8243; title_level=&#8221;h2&#8243; title_font=&#8221;||||||||&#8221; title_text_align=&#8221;center&#8221; title_text_color=&#8221;#ffffff&#8221; title_font_size=&#8221;42px&#8221; form_field_font=&#8221;||||||||&#8221; form_field_font_size=&#8221;17px&#8221; custom_button=&#8221;on&#8221; button_bg_color=&#8221;#ffffff&#8221; button_border_color=&#8221;#ffffff&#8221; button_text_size_last_edited=&#8221;off|desktop&#8221; box_shadow_style_button=&#8221;preset3&#8243; global_colors_info=&#8221;{}&#8221; button_text_color__hover_enabled=&#8221;on|desktop&#8221;][et_pb_contact_field field_id=&#8221;Name&#8221; field_title=&#8221;N\u00e9v&#8221; _builder_version=&#8221;4.16&#8243; global_colors_info=&#8221;{}&#8221; button_text_size__hover_enabled=&#8221;off&#8221; button_one_text_size__hover_enabled=&#8221;off&#8221; button_two_text_size__hover_enabled=&#8221;off&#8221; button_text_color__hover_enabled=&#8221;off&#8221; button_one_text_color__hover_enabled=&#8221;off&#8221; button_two_text_color__hover_enabled=&#8221;off&#8221; button_border_width__hover_enabled=&#8221;off&#8221; button_one_border_width__hover_enabled=&#8221;off&#8221; button_two_border_width__hover_enabled=&#8221;off&#8221; button_border_color__hover_enabled=&#8221;off&#8221; button_one_border_color__hover_enabled=&#8221;off&#8221; button_two_border_color__hover_enabled=&#8221;off&#8221; button_border_radius__hover_enabled=&#8221;off&#8221; button_one_border_radius__hover_enabled=&#8221;off&#8221; button_two_border_radius__hover_enabled=&#8221;off&#8221; button_letter_spacing__hover_enabled=&#8221;off&#8221; button_one_letter_spacing__hover_enabled=&#8221;off&#8221; button_two_letter_spacing__hover_enabled=&#8221;off&#8221; button_bg_color__hover_enabled=&#8221;off&#8221; button_one_bg_color__hover_enabled=&#8221;off&#8221; button_two_bg_color__hover_enabled=&#8221;off&#8221;][\/et_pb_contact_field][et_pb_contact_field field_id=&#8221;Email&#8221; field_title=&#8221;E-mail&#8221; field_type=&#8221;email&#8221; _builder_version=&#8221;4.16&#8243; global_colors_info=&#8221;{}&#8221; button_text_size__hover_enabled=&#8221;off&#8221; button_one_text_size__hover_enabled=&#8221;off&#8221; button_two_text_size__hover_enabled=&#8221;off&#8221; button_text_color__hover_enabled=&#8221;off&#8221; button_one_text_color__hover_enabled=&#8221;off&#8221; button_two_text_color__hover_enabled=&#8221;off&#8221; button_border_width__hover_enabled=&#8221;off&#8221; button_one_border_width__hover_enabled=&#8221;off&#8221; button_two_border_width__hover_enabled=&#8221;off&#8221; button_border_color__hover_enabled=&#8221;off&#8221; button_one_border_color__hover_enabled=&#8221;off&#8221; button_two_border_color__hover_enabled=&#8221;off&#8221; button_border_radius__hover_enabled=&#8221;off&#8221; button_one_border_radius__hover_enabled=&#8221;off&#8221; button_two_border_radius__hover_enabled=&#8221;off&#8221; button_letter_spacing__hover_enabled=&#8221;off&#8221; button_one_letter_spacing__hover_enabled=&#8221;off&#8221; button_two_letter_spacing__hover_enabled=&#8221;off&#8221; button_bg_color__hover_enabled=&#8221;off&#8221; button_one_bg_color__hover_enabled=&#8221;off&#8221; button_two_bg_color__hover_enabled=&#8221;off&#8221;][\/et_pb_contact_field][et_pb_contact_field field_id=&#8221;Message&#8221; field_title=&#8221;\u00dczenet&#8221; field_type=&#8221;text&#8221; fullwidth_field=&#8221;on&#8221; _builder_version=&#8221;4.16&#8243; global_colors_info=&#8221;{}&#8221; button_text_size__hover_enabled=&#8221;off&#8221; button_one_text_size__hover_enabled=&#8221;off&#8221; button_two_text_size__hover_enabled=&#8221;off&#8221; button_text_color__hover_enabled=&#8221;off&#8221; button_one_text_color__hover_enabled=&#8221;off&#8221; button_two_text_color__hover_enabled=&#8221;off&#8221; button_border_width__hover_enabled=&#8221;off&#8221; button_one_border_width__hover_enabled=&#8221;off&#8221; button_two_border_width__hover_enabled=&#8221;off&#8221; button_border_color__hover_enabled=&#8221;off&#8221; button_one_border_color__hover_enabled=&#8221;off&#8221; button_two_border_color__hover_enabled=&#8221;off&#8221; button_border_radius__hover_enabled=&#8221;off&#8221; button_one_border_radius__hover_enabled=&#8221;off&#8221; button_two_border_radius__hover_enabled=&#8221;off&#8221; button_letter_spacing__hover_enabled=&#8221;off&#8221; button_one_letter_spacing__hover_enabled=&#8221;off&#8221; button_two_letter_spacing__hover_enabled=&#8221;off&#8221; button_bg_color__hover_enabled=&#8221;off&#8221; button_one_bg_color__hover_enabled=&#8221;off&#8221; button_two_bg_color__hover_enabled=&#8221;off&#8221;][\/et_pb_contact_field][\/et_pb_contact_form][\/et_pb_column][\/et_pb_row][\/et_pb_section]<\/p>\n","protected":false},"excerpt":{"rendered":"<p>Aj\u00e1nlott munkapoz\u00edci\u00f3k T\u00e1rsas\u00e1gunk a&nbsp;szem\u00e9ly\u00fcgyi h\u00e1tter\u00e9nek fejleszt\u00e9se ir\u00e1nti folyamatos gondoskod\u00e1s keret\u00e9ben folyamatosan \u00faj \u00e1ll\u00e1skeres\u0151ket &#8211; potenci\u00e1lis koll\u00e9g\u00e1kat keres. Tekintettel a&nbsp;t\u00e1rsas\u00e1g szakmai ir\u00e1nyults\u00e1g\u00e1ra els\u0151sorban teljesk\u00f6r\u0171 g\u00e9p\u00e9szeti vagy elektrotechnikai k\u00f6z\u00e9p- vagy fels\u0151fok\u00fa v\u00e9gzetts\u00e9g\u0171 \u00e9rdekl\u0151d\u0151k jelentkez\u00e9s\u00e9t v\u00e1rja a&nbsp;konstrukt\u0151ri \u00e9s tervez\u0151i poz\u00edci\u00f3k bet\u00f6lt\u00e9s\u00e9re. Ugyan\u00edgy v\u00e1rjuk a&nbsp;megfelel\u0151 szervizg\u00e9p\u00e9szeti k\u00e9pzetts\u00e9g\u0171 dolgoz\u00f3k jelentkez\u00e9s\u00e9t a&nbsp;szerviztev\u00e9kenys\u00e9g\u00fcnk b\u0151v\u00edt\u00e9s\u00e9re. Amit aj\u00e1nlunk \u00f6n\u00e1ll\u00f3 [&hellip;]<\/p>\n","protected":false},"author":1,"featured_media":0,"parent":0,"menu_order":0,"comment_status":"closed","ping_status":"closed","template":"","meta":{"_et_pb_use_builder":"on","_et_pb_old_content":"<p>[et_pb_section fb_built=\"1\" fullwidth=\"on\" _builder_version=\"4.1\"][et_pb_fullwidth_header title=\"Kari\u00e9ra\" text_orientation=\"center\" _builder_version=\"4.2.2\" title_font=\"|700||on|||||\" title_font_size=\"48px\" content_font=\"||||||||\" subhead_font=\"||||||||\" subhead_font_size=\"39px\" background_color=\"#ffffff\" use_background_color_gradient=\"on\" background_color_gradient_start=\"rgba(0,0,0,0.32)\" background_color_gradient_end=\"rgba(33,0,6,0)\" background_color_gradient_type=\"radial\" background_color_gradient_overlays_image=\"on\" background_image=\"https:\/\/www.ganes.cz\/wp-content\/uploads\/kariera.jpg\" custom_button_one=\"on\" button_one_text_color=\"#ffffff\" button_one_bg_color=\"#5e9e4e\" button_one_border_color=\"#5e9e4e\" button_one_font=\"|||on|||||\" custom_button_two=\"on\" button_two_text_color=\"#5E9E4E\" button_two_bg_color=\"#ffffff\" button_two_border_color=\"#ffffff\" button_two_font=\"|||on|||||\" custom_padding=\"120px||120px||false|false\" hover_enabled=\"0\" title_text_shadow_style=\"preset2\" content_text_shadow_style=\"preset2\" subhead_text_shadow_style=\"preset2\" title_font_size_last_edited=\"on|phone\" title_font_size_phone=\"30px\"][\/et_pb_fullwidth_header][\/et_pb_section][et_pb_section fb_built=\"1\" _builder_version=\"3.22\"][et_pb_row _builder_version=\"3.25\" background_size=\"initial\" background_position=\"top_left\" background_repeat=\"repeat\"][et_pb_column type=\"4_4\" _builder_version=\"3.25\" custom_padding=\"|||\" custom_padding__hover=\"|||\"][et_pb_text _builder_version=\"4.1\" header_font=\"|600||on|||||\" header_2_font=\"|||on|||||\" background_size=\"initial\" background_position=\"top_left\" background_repeat=\"repeat\" text_orientation=\"center\" text_text_align=\"center\"]<\/p><h2>Nab\u00edzen\u00e9 pozice<\/h2><p>[\/et_pb_text][et_pb_divider color=\"#6DB457\" divider_weight=\"3px\" _builder_version=\"3.27.1\" width=\"10%\" module_alignment=\"center\" global_module=\"128\" saved_tabs=\"all\"][\/et_pb_divider][et_pb_text _builder_version=\"4.1\" background_size=\"initial\" background_position=\"top_left\" background_repeat=\"repeat\" text_orientation=\"justify\" text_text_align=\"justify\"]<\/p><p>Spole\u010dnost v r\u00e1mci neust\u00e1le p\u00e9\u010de o rozvoj sv\u00e9 person\u00e1ln\u00ed z\u00e1kladny trvale hled\u00e1 nov\u00e9 z\u00e1jemce o zam\u011bstn\u00e1n\u00ed \u2013 potenci\u00e1ln\u00ed kolegy.<\/p><p>Vzhledem k zam\u011b\u0159en\u00ed spole\u010dnosti up\u0159ednost\u0148ujeme uchaze\u010de s \u00fapln\u00fdm st\u0159edn\u00edm nebo vysoko\u0161kolsk\u00fdm vzd\u011bl\u00e1n\u00edm <strong>strojn\u00edm<\/strong> nebo <strong>elektrotechnick\u00fdm<\/strong> pro obsazen\u00ed pozic <strong>konstrukt\u00e9r<\/strong> a <strong>projektant<\/strong>.<\/p><p>Stejn\u011b tak m\u00e1me z\u00e1jem i o roz\u0161\u00ed\u0159en\u00ed <strong>servisn\u00ed \u010dinnosti<\/strong> pracovn\u00edky s odpov\u00eddaj\u00edc\u00ed stroj\u00edrenskou kvalifikac\u00ed.<\/p><h2>Nab\u00edz\u00edme<\/h2><ul><li>samostatnou tv\u016fr\u010d\u00ed \u010dinnost<\/li><li>z\u00e1zem\u00ed dlouhodob\u011b p\u016fsob\u00edc\u00ed spole\u010dnosti<\/li><li>pru\u017enou pracovn\u00ed dobu<\/li><li>mzdov\u00e9 ohodnocen\u00ed nad pr\u016fm\u011brem<\/li><li>z\u00e1vodn\u00ed stravov\u00e1n\u00ed<\/li><li>servisn\u00ed vozidlo a dal\u0161\u00ed benefity<\/li><\/ul><p>Pokud jste osoba se z\u00e1jmem o pr\u00e1ci v na\u0161\u00ed spole\u010dnosti nev\u00e1hejte kontaktovat na\u0161e person\u00e1ln\u00ed odd\u011blen\u00ed. Po obdr\u017een\u00ed emailu s Va\u0161\u00ed p\u0159edstavou a p\u0159ilo\u017een\u00fdm \u017eivotopisem V\u00e1s budeme elektronicky nebo telefonicky kontaktovat.<\/p><p>Tel.: +420 569 713 255<br \/>Mob: +420 724 062 391<br \/>Email: <a href=\"mailto:pechancova@ganes.cz\">pechancova@ganes.cz<\/a><\/p><p>[\/et_pb_text][et_pb_text _builder_version=\"4.1\" text_orientation=\"justified\"]<\/p><h3>Souhlas\u00edm se zpracov\u00e1n\u00edm sv\u00fdch osobn\u00edch \u00fadaj\u016f<\/h3><p><em>Souhlas\u00edm se zpracov\u00e1n\u00edm sv\u00fdch osobn\u00edch \u00fadaj\u016f v souladu se z\u00e1konem o ochran\u011b osobn\u00edch \u00fadaj\u016f pro zas\u00edl\u00e1n\u00ed obchodn\u00edch nebo jin\u00fdch marketingov\u00fdch informac\u00ed v souladu se z\u00e1konem o elektronick\u00fdch slu\u017eb\u00e1ch na emailovou adresu nebo mobiln\u00ed telefon nebo jin\u00fd elektronick\u00fd kontakt poskytnut\u00fd za t\u00edmto \u00fa\u010delem. Dobrovoln\u011b jsem poskytl osobn\u00ed \u00fadaje. Uv\u011bdomuji si, \u017ee mohu moje \u00fadaje opravit a mohou tak\u00e9 po\u017e\u00e1dat o jejich odstran\u011bn\u00ed.<\/em><\/p><p>[\/et_pb_text][\/et_pb_column][\/et_pb_row][\/et_pb_section][et_pb_section fb_built=\"1\" _builder_version=\"3.27.1\" background_color=\"#5E9E4E\" global_module=\"629\" saved_tabs=\"all\"][et_pb_row column_structure=\"1_4,3_4\" _builder_version=\"4.1\"][et_pb_column type=\"1_4\" _builder_version=\"3.25\" custom_padding=\"|||\" custom_padding__hover=\"|||\"][et_pb_text _builder_version=\"4.2.2\" link_font=\"||||on|||#ffffff|\" link_text_color=\"#ffffff\" background_layout=\"dark\"]<\/p><p><img class=\"wp-image-10033 alignnone size-full\" src=\"https:\/\/www.ganes.cz\/wp-content\/uploads\/logo-32.png\" alt=\"\" width=\"225\" height=\"32\" \/><\/p><p>GANES s.r.o.<br \/>Marie Majerov\u00e9 1152<br \/>584 01 Lede\u010d nad S\u00e1zavou<br \/>Czech Republic<\/p><p>I\u010c: 48171981<br \/>DI\u010c: CZ48171981<\/p><p>Tel.: +420 569 726 039<br \/>Tel.: +420 569 713 241<\/p><p>Email: <a href=\"mailto:ganes@ganes.cz\">ganes@ganes.cz<\/a><br \/>Web: <a href=\"https:\/\/www.ganes.cz\">www.ganes.cz<\/a><\/p><p>[\/et_pb_text][\/et_pb_column][et_pb_column type=\"3_4\" _builder_version=\"3.25\" custom_padding=\"|||\" custom_padding__hover=\"|||\"][et_pb_text _builder_version=\"3.27.4\" text_text_color=\"#ffffff\" header_2_font=\"|600||on|||||\" text_orientation=\"center\" background_layout=\"dark\" text_text_align=\"center\"]<\/p><h2>Napi\u0161te n\u00e1m<\/h2><p>[\/et_pb_text][et_pb_divider color=\"#ffffff\" divider_weight=\"3px\" _builder_version=\"3.26.1\" width=\"10%\" module_alignment=\"center\"][\/et_pb_divider][et_pb_contact_form captcha=\"off\" email=\"ganes@ganes.cz\" _builder_version=\"4.1\" title_level=\"h2\" title_font=\"||||||||\" title_text_align=\"center\" title_text_color=\"#ffffff\" title_font_size=\"42px\" form_field_font=\"||||||||\" form_field_font_size=\"17px\" custom_button=\"on\" button_bg_color=\"#ffffff\" button_border_color=\"#ffffff\" button_text_size_last_edited=\"off|desktop\" box_shadow_style_button=\"preset3\" button_text_color__hover_enabled=\"on|desktop\"][et_pb_contact_field field_id=\"Name\" field_title=\"Jm\u00e9no\" _builder_version=\"3.16\" button_text_size__hover_enabled=\"off\" button_one_text_size__hover_enabled=\"off\" button_two_text_size__hover_enabled=\"off\" button_text_color__hover_enabled=\"off\" button_one_text_color__hover_enabled=\"off\" button_two_text_color__hover_enabled=\"off\" button_border_width__hover_enabled=\"off\" button_one_border_width__hover_enabled=\"off\" button_two_border_width__hover_enabled=\"off\" button_border_color__hover_enabled=\"off\" button_one_border_color__hover_enabled=\"off\" button_two_border_color__hover_enabled=\"off\" button_border_radius__hover_enabled=\"off\" button_one_border_radius__hover_enabled=\"off\" button_two_border_radius__hover_enabled=\"off\" button_letter_spacing__hover_enabled=\"off\" button_one_letter_spacing__hover_enabled=\"off\" button_two_letter_spacing__hover_enabled=\"off\" button_bg_color__hover_enabled=\"off\" button_one_bg_color__hover_enabled=\"off\" button_two_bg_color__hover_enabled=\"off\"][\/et_pb_contact_field][et_pb_contact_field field_id=\"Email\" field_title=\"Email\" field_type=\"email\" _builder_version=\"3.27.1\" button_text_size__hover_enabled=\"off\" button_one_text_size__hover_enabled=\"off\" button_two_text_size__hover_enabled=\"off\" button_text_color__hover_enabled=\"off\" button_one_text_color__hover_enabled=\"off\" button_two_text_color__hover_enabled=\"off\" button_border_width__hover_enabled=\"off\" button_one_border_width__hover_enabled=\"off\" button_two_border_width__hover_enabled=\"off\" button_border_color__hover_enabled=\"off\" button_one_border_color__hover_enabled=\"off\" button_two_border_color__hover_enabled=\"off\" button_border_radius__hover_enabled=\"off\" button_one_border_radius__hover_enabled=\"off\" button_two_border_radius__hover_enabled=\"off\" button_letter_spacing__hover_enabled=\"off\" button_one_letter_spacing__hover_enabled=\"off\" button_two_letter_spacing__hover_enabled=\"off\" button_bg_color__hover_enabled=\"off\" button_one_bg_color__hover_enabled=\"off\" button_two_bg_color__hover_enabled=\"off\"][\/et_pb_contact_field][et_pb_contact_field field_id=\"Message\" field_title=\"Zpr\u00e1va\" field_type=\"text\" fullwidth_field=\"on\" _builder_version=\"3.16\" button_text_size__hover_enabled=\"off\" button_one_text_size__hover_enabled=\"off\" button_two_text_size__hover_enabled=\"off\" button_text_color__hover_enabled=\"off\" button_one_text_color__hover_enabled=\"off\" button_two_text_color__hover_enabled=\"off\" button_border_width__hover_enabled=\"off\" button_one_border_width__hover_enabled=\"off\" button_two_border_width__hover_enabled=\"off\" button_border_color__hover_enabled=\"off\" button_one_border_color__hover_enabled=\"off\" button_two_border_color__hover_enabled=\"off\" button_border_radius__hover_enabled=\"off\" button_one_border_radius__hover_enabled=\"off\" button_two_border_radius__hover_enabled=\"off\" button_letter_spacing__hover_enabled=\"off\" button_one_letter_spacing__hover_enabled=\"off\" button_two_letter_spacing__hover_enabled=\"off\" button_bg_color__hover_enabled=\"off\" button_one_bg_color__hover_enabled=\"off\" button_two_bg_color__hover_enabled=\"off\"][\/et_pb_contact_field][\/et_pb_contact_form][\/et_pb_column][\/et_pb_row][\/et_pb_section]<\/p>","_et_gb_content_width":"","footnotes":""},"class_list":["post-10833","page","type-page","status-publish","hentry"],"_links":{"self":[{"href":"https:\/\/www.ganes.cz\/hu\/wp-json\/wp\/v2\/pages\/10833","targetHints":{"allow":["GET"]}}],"collection":[{"href":"https:\/\/www.ganes.cz\/hu\/wp-json\/wp\/v2\/pages"}],"about":[{"href":"https:\/\/www.ganes.cz\/hu\/wp-json\/wp\/v2\/types\/page"}],"author":[{"embeddable":true,"href":"https:\/\/www.ganes.cz\/hu\/wp-json\/wp\/v2\/users\/1"}],"replies":[{"embeddable":true,"href":"https:\/\/www.ganes.cz\/hu\/wp-json\/wp\/v2\/comments?post=10833"}],"version-history":[{"count":1,"href":"https:\/\/www.ganes.cz\/hu\/wp-json\/wp\/v2\/pages\/10833\/revisions"}],"predecessor-version":[{"id":11799,"href":"https:\/\/www.ganes.cz\/hu\/wp-json\/wp\/v2\/pages\/10833\/revisions\/11799"}],"wp:attachment":[{"href":"https:\/\/www.ganes.cz\/hu\/wp-json\/wp\/v2\/media?parent=10833"}],"curies":[{"name":"wp","href":"https:\/\/api.w.org\/{rel}","templated":true}]}}