{"id":10900,"date":"2020-02-23T12:39:09","date_gmt":"2020-02-23T11:39:09","guid":{"rendered":"https:\/\/www.ganes.cz\/?page_id=10900"},"modified":"2023-04-15T13:22:28","modified_gmt":"2023-04-15T11:22:28","slug":"wywrotki-skrzyni-zvz-i-wozki-do-wiorow-serii-pv","status":"publish","type":"page","link":"https:\/\/www.ganes.cz\/pl\/wywrotki-skrzyni-zvz-i-wozki-do-wiorow-serii-pv\/","title":{"rendered":"Wywrotki skrzyni ZVZ i&nbsp;W\u00f3zki do wi\u00f3r\u00f3w serii PV"},"content":{"rendered":"<p>[et_pb_section fb_built=&#8221;1&#8243; fullwidth=&#8221;on&#8221; _builder_version=&#8221;4.16&#8243; global_colors_info=&#8221;{}&#8221;][et_pb_fullwidth_header title=&#8221;@ET-DC@eyJkeW5hbWljIjp0cnVlLCJjb250ZW50IjoicG9zdF90aXRsZSIsInNldHRpbmdzIjp7ImJlZm9yZSI6IiIsImFmdGVyIjoiIn19@&#8221; text_orientation=&#8221;center&#8221; _builder_version=&#8221;4.20.4&#8243; _dynamic_attributes=&#8221;title&#8221; title_font=&#8221;|700||on|||||&#8221; title_font_size=&#8221;48px&#8221; content_font=&#8221;||||||||&#8221; subhead_font=&#8221;||||||||&#8221; subhead_font_size=&#8221;39px&#8221; background_color=&#8221;#ffffff&#8221; background_image=&#8221;https:\/\/www.ganes.cz\/wp-content\/uploads\/triskova-hospodarstvi-17.jpg&#8221; custom_button_one=&#8221;on&#8221; button_one_text_color=&#8221;#ffffff&#8221; button_one_bg_color=&#8221;#5e9e4e&#8221; button_one_border_color=&#8221;#5e9e4e&#8221; button_one_font=&#8221;|||on|||||&#8221; custom_button_two=&#8221;on&#8221; button_two_text_color=&#8221;#5E9E4E&#8221; button_two_bg_color=&#8221;#ffffff&#8221; button_two_border_color=&#8221;#ffffff&#8221; button_two_font=&#8221;|||on|||||&#8221; custom_padding=&#8221;120px||120px||false|false&#8221; hover_enabled=&#8221;0&#8243; title_font_size_tablet=&#8221;&#8221; title_font_size_phone=&#8221;30px&#8221; title_font_size_last_edited=&#8221;on|phone&#8221; title_text_shadow_style=&#8221;preset2&#8243; content_text_shadow_style=&#8221;preset2&#8243; subhead_text_shadow_style=&#8221;preset2&#8243; global_colors_info=&#8221;{}&#8221; title_text=&#8221;Wywrotki skrzyni ZVZ&#8221; sticky_enabled=&#8221;0&#8243;][\/et_pb_fullwidth_header][\/et_pb_section][et_pb_section fb_built=&#8221;1&#8243; _builder_version=&#8221;4.16&#8243; background_enable_color=&#8221;off&#8221; global_colors_info=&#8221;{}&#8221;][et_pb_row _builder_version=&#8221;4.16&#8243; global_colors_info=&#8221;{}&#8221;][et_pb_column type=&#8221;4_4&#8243; _builder_version=&#8221;4.16&#8243; global_colors_info=&#8221;{}&#8221;][et_pb_text _builder_version=&#8221;4.20.4&#8243; header_2_font=&#8221;|600||on|||||&#8221; background_size=&#8221;initial&#8221; background_position=&#8221;top_left&#8221; background_repeat=&#8221;repeat&#8221; text_orientation=&#8221;center&#8221; text_text_align=&#8221;center&#8221; global_colors_info=&#8221;{}&#8221;]<\/p>\n<h2>Wywrotki skrzyni ZVZ<\/h2>\n<p>[\/et_pb_text][et_pb_divider color=&#8221;#6DB457&#8243; divider_weight=&#8221;3px&#8221; _builder_version=&#8221;4.16&#8243; width=&#8221;10%&#8221; module_alignment=&#8221;center&#8221; saved_tabs=&#8221;all&#8221; global_colors_info=&#8221;{}&#8221;][\/et_pb_divider][\/et_pb_column][\/et_pb_row][et_pb_row column_structure=&#8221;3_4,1_4&#8243; _builder_version=&#8221;4.16&#8243; global_colors_info=&#8221;{}&#8221;][et_pb_column type=&#8221;3_4&#8243; _builder_version=&#8221;4.16&#8243; global_colors_info=&#8221;{}&#8221;][et_pb_text _builder_version=&#8221;4.16&#8243; global_colors_info=&#8221;{}&#8221;]<\/p>\n<h3><span>Informacje og\u00f3lne<\/span><\/h3>\n<p>[\/et_pb_text][et_pb_divider color=&#8221;#6DB457&#8243; divider_weight=&#8221;3px&#8221; admin_label=&#8221;Odd\u011blova\u010d vlevo&#8221; _builder_version=&#8221;4.16&#8243; width=&#8221;20%&#8221; module_alignment=&#8221;left&#8221; saved_tabs=&#8221;all&#8221; global_colors_info=&#8221;{}&#8221;][\/et_pb_divider][et_pb_text _builder_version=&#8221;4.16&#8243; global_colors_info=&#8221;{}&#8221;]<\/p>\n<p><span>Za standardowe uwa\u017cane s\u0105 parametry skoku do 3000 mm i&nbsp;ud\u017awigu 2000&nbsp;kg. Konkretne parametry s\u0105 okre\u015blone zawsze po&nbsp;uzgodnieniu z&nbsp;odbiorc\u0105.<\/span><\/p>\n<p><span>Zawo\u017cenie w\u00f3zk\u00f3w lub palet transportowych do wychylanego adaptera mo\u017cna wykonywa\u0107 r\u0119cznie lub w spos\u00f3b zmechanizowany.<\/span><\/p>\n<p>[\/et_pb_text][\/et_pb_column][et_pb_column type=&#8221;1_4&#8243; _builder_version=&#8221;4.16&#8243; global_colors_info=&#8221;{}&#8221;][et_pb_image src=&#8221;https:\/\/www.ganes.cz\/wp-content\/uploads\/triskova-hospodarstvi-02-387&#215;510.jpg&#8221; alt=&#8221;Wywrotki skrzyni ZVZ&#8221; _builder_version=&#8221;4.16&#8243; global_colors_info=&#8221;{}&#8221;][\/et_pb_image][\/et_pb_column][\/et_pb_row][et_pb_row use_custom_gutter=&#8221;on&#8221; gutter_width=&#8221;2&#8243; _builder_version=&#8221;4.16&#8243; global_colors_info=&#8221;{}&#8221;][et_pb_column type=&#8221;4_4&#8243; _builder_version=&#8221;4.16&#8243; global_colors_info=&#8221;{}&#8221;][et_pb_gallery gallery_ids=&#8221;10015,10016,10017,10059&#8243; show_title_and_caption=&#8221;off&#8221; show_pagination=&#8221;off&#8221; hover_icon=&#8221;&#x2e;||divi||400&#8243; _builder_version=&#8221;4.16&#8243; global_colors_info=&#8221;{}&#8221;][\/et_pb_gallery][\/et_pb_column][\/et_pb_row][\/et_pb_section][et_pb_section fb_built=&#8221;1&#8243; _builder_version=&#8221;4.16&#8243; background_color=&#8221;rgba(0,0,0,0.02)&#8221; global_colors_info=&#8221;{}&#8221;][et_pb_row _builder_version=&#8221;4.20.4&#8243; global_colors_info=&#8221;{}&#8221;][et_pb_column type=&#8221;4_4&#8243; _builder_version=&#8221;4.16&#8243; global_colors_info=&#8221;{}&#8221;][et_pb_text _builder_version=&#8221;4.20.4&#8243; header_2_font=&#8221;|600||on|||||&#8221; background_size=&#8221;initial&#8221; background_position=&#8221;top_left&#8221; background_repeat=&#8221;repeat&#8221; text_orientation=&#8221;center&#8221; text_text_align=&#8221;center&#8221; global_colors_info=&#8221;{}&#8221;]<\/p>\n<h2>W\u00f3zki do wi\u00f3r\u00f3w serii PV<\/h2>\n<p>[\/et_pb_text][et_pb_divider color=&#8221;#6DB457&#8243; divider_weight=&#8221;3px&#8221; _builder_version=&#8221;4.16&#8243; width=&#8221;10%&#8221; module_alignment=&#8221;center&#8221; saved_tabs=&#8221;all&#8221; global_colors_info=&#8221;{}&#8221;][\/et_pb_divider][\/et_pb_column][\/et_pb_row][et_pb_row column_structure=&#8221;1_4,3_4&#8243; _builder_version=&#8221;4.16&#8243; global_colors_info=&#8221;{}&#8221;][et_pb_column type=&#8221;1_4&#8243; _builder_version=&#8221;4.16&#8243; global_colors_info=&#8221;{}&#8221;][et_pb_image src=&#8221;https:\/\/www.ganes.cz\/wp-content\/uploads\/triskova-hospodarstvi-04-382&#215;510.jpg&#8221; alt=&#8221;W\u00f3zki do wi\u00f3r\u00f3w serii PV&#8221; _builder_version=&#8221;4.16&#8243; global_colors_info=&#8221;{}&#8221;][\/et_pb_image][\/et_pb_column][et_pb_column type=&#8221;3_4&#8243; _builder_version=&#8221;4.16&#8243; global_colors_info=&#8221;{}&#8221;][et_pb_text _builder_version=&#8221;4.16&#8243; global_colors_info=&#8221;{}&#8221;]<\/p>\n<h3><span>Informacje og\u00f3lne<\/span><\/h3>\n<p>[\/et_pb_text][et_pb_divider color=&#8221;#6DB457&#8243; divider_weight=&#8221;3px&#8221; admin_label=&#8221;Odd\u011blova\u010d vlevo&#8221; _builder_version=&#8221;4.16&#8243; width=&#8221;20%&#8221; module_alignment=&#8221;left&#8221; saved_tabs=&#8221;all&#8221; global_colors_info=&#8221;{}&#8221;][\/et_pb_divider][et_pb_text _builder_version=&#8221;4.16&#8243; global_colors_info=&#8221;{}&#8221;]<\/p>\n<p><span>W\u00f3zek przeznaczony do transportu wi\u00f3r\u00f3w od maszyny skrawaj\u0105cej do dalszej manipulacji w przyczepie samowy\u0142adowczej z&nbsp;serii ZVZ.<\/span><br \/><span>Masa wsadu maks. 400&nbsp;kg (240 dm3)<\/span><\/p>\n<p>[\/et_pb_text][\/et_pb_column][\/et_pb_row][\/et_pb_section]<\/p>\n","protected":false},"excerpt":{"rendered":"<p>Wywrotki skrzyni ZVZInformacje og\u00f3lneZa standardowe uwa\u017cane s\u0105 parametry skoku do 3000 mm i&nbsp;ud\u017awigu 2000&nbsp;kg. Konkretne parametry s\u0105 okre\u015blone zawsze po&nbsp;uzgodnieniu z&nbsp;odbiorc\u0105.Zawo\u017cenie w\u00f3zk\u00f3w lub palet transportowych do wychylanego adaptera mo\u017cna wykonywa\u0107 r\u0119cznie lub w spos\u00f3b zmechanizowany.W\u00f3zki do wi\u00f3r\u00f3w serii PVInformacje og\u00f3lneW\u00f3zek przeznaczony do transportu wi\u00f3r\u00f3w od maszyny skrawaj\u0105cej do dalszej manipulacji w [&hellip;]<\/p>\n","protected":false},"author":1,"featured_media":0,"parent":0,"menu_order":0,"comment_status":"closed","ping_status":"closed","template":"","meta":{"_et_pb_use_builder":"on","_et_pb_old_content":"<p>[et_pb_section fb_built=\"1\" fullwidth=\"on\" _builder_version=\"3.22.7\"][et_pb_fullwidth_header title=\"Zubov\u00e1 \u010derpadla\" text_orientation=\"center\" _builder_version=\"4.2.2\" title_font=\"|700||on|||||\" title_font_size=\"48px\" content_font=\"||||||||\" subhead_font=\"||||||||\" subhead_font_size=\"39px\" background_color=\"#ffffff\" background_image=\"https:\/\/www.ganes.cz\/wp-content\/uploads\/zubova-cerpadla-1.jpg\" custom_button_one=\"on\" button_one_text_color=\"#ffffff\" button_one_bg_color=\"#5e9e4e\" button_one_border_color=\"#5e9e4e\" button_one_font=\"|||on|||||\" custom_button_two=\"on\" button_two_text_color=\"#5E9E4E\" button_two_bg_color=\"#ffffff\" button_two_border_color=\"#ffffff\" button_two_font=\"|||on|||||\" custom_padding=\"120px||120px||false|false\" hover_enabled=\"0\" title_text_shadow_style=\"preset2\" content_text_shadow_style=\"preset2\" subhead_text_shadow_style=\"preset2\" title_font_size_last_edited=\"on|phone\" title_font_size_phone=\"30px\"][\/et_pb_fullwidth_header][\/et_pb_section][et_pb_section fb_built=\"1\" _builder_version=\"3.27.1\"][et_pb_row _builder_version=\"3.27.2\"][et_pb_column type=\"4_4\" _builder_version=\"3.27.1\"][et_pb_text _builder_version=\"4.0.2\" header_2_font=\"|600||on|||||\" background_size=\"initial\" background_position=\"top_left\" background_repeat=\"repeat\" text_orientation=\"center\" text_text_align=\"center\"]<\/p><h2>Z\u00e1kladn\u00ed informace<\/h2><p>[\/et_pb_text][et_pb_divider color=\"#6DB457\" divider_weight=\"3px\" _builder_version=\"3.27.1\" width=\"10%\" module_alignment=\"center\" global_module=\"128\" saved_tabs=\"all\"][\/et_pb_divider][et_pb_text _builder_version=\"4.0.2\" text_orientation=\"justify\" text_text_align=\"justify\"]<\/p><p>Zubov\u00e1 dopravn\u00ed \u010derpadla v proveden\u00ed z \u0161ed\u00e9 litiny a z nerezu pro vysoce visk\u00f3zn\u00ed m\u00e9dia (pojiva, bitumen, dehet, barvy, laky, rozpou\u0161t\u011bdla, lepidla, kl\u00edh, klihov\u00e9 l\u00e1zn\u011b, prysky\u0159ice, um\u011bl\u00e9 hmoty, zm\u011bk\u010dovadla, tuky, \u010dokol\u00e1dov\u00e9 hmoty, melasu, octovinu, ho\u0159\u010dici, sirup, gluk\u00f3zu, oleje, vosky, vodn\u00ed sklo a mnoho jin\u00fdch\u2026) do z\u00e1kladn\u00edho prost\u0159ed\u00ed i pro provozy vy\u017eaduj\u00edc\u00ed proveden\u00ed dle ATEX.<\/p><p>[\/et_pb_text][\/et_pb_column][\/et_pb_row][\/et_pb_section][et_pb_section fb_built=\"1\" _builder_version=\"3.27.2\" background_color=\"rgba(0,0,0,0.02)\"][et_pb_row column_structure=\"2_5,3_5\" _builder_version=\"3.27.2\"][et_pb_column type=\"2_5\" _builder_version=\"3.27.2\"][et_pb_image src=\"https:\/\/www.ganes.cz\/wp-content\/uploads\/zubova-cerpadla-01-510x383.png\" alt=\"Zubov\u00e1 \u010derpadla typ T\" _builder_version=\"4.2.2\"][\/et_pb_image][\/et_pb_column][et_pb_column type=\"3_5\" _builder_version=\"3.27.2\"][et_pb_text _builder_version=\"4.0.2\"]<\/p><h3>Zubov\u00e1 \u010derpadla typ T<\/h3><p>[\/et_pb_text][et_pb_divider color=\"#6DB457\" divider_weight=\"3px\" admin_label=\"Odd\u011blova\u010d vlevo\" _builder_version=\"4.0.2\" width=\"20%\" module_alignment=\"left\" global_module=\"9848\" saved_tabs=\"all\"][\/et_pb_divider][et_pb_text _builder_version=\"4.0.2\"]<\/p><p>R\u016fzn\u00e9 varianty proveden\u00ed k \u010derp\u00e1n\u00ed t\u00e9m\u011b\u0159 v\u0161ech \u010derpateln\u00fdch m\u00e9di\u00ed<br \/>Dopravovan\u00e9 mno\u017estv\u00ed 15-1 800cm3\/ot\u00e1\u010dku<br \/>Standardn\u00ed v\u00fdtlak do 1,6 MPa (vy\u0161\u0161\u00ed hodnoty na p\u0159\u00e1n\u00ed)<br \/>Viskozita \u010derpan\u00fdch kapalin do 80 000 mm2\/s<\/p><p>[\/et_pb_text][\/et_pb_column][\/et_pb_row][\/et_pb_section][et_pb_section fb_built=\"1\" _builder_version=\"4.0.2\"][et_pb_row column_structure=\"3_5,2_5\" _builder_version=\"4.0.2\"][et_pb_column type=\"3_5\" _builder_version=\"3.27.2\"][et_pb_text _builder_version=\"4.0.2\"]<\/p><h3>Zubov\u00e1 \u010derpadla typ TF<\/h3><p>[\/et_pb_text][et_pb_divider color=\"#6DB457\" divider_weight=\"3px\" admin_label=\"Odd\u011blova\u010d vlevo\" _builder_version=\"4.0.2\" width=\"20%\" module_alignment=\"left\" global_module=\"9848\" saved_tabs=\"all\"][\/et_pb_divider][et_pb_text _builder_version=\"4.0.2\"]<\/p><p>Dopravn\u00ed a mazac\u00ed \u010derpadla na media maj\u00edc\u00ed alespo\u0148 minim\u00e1ln\u00ed zaru\u010denou mazac\u00ed schopnost a jsou bez pevn\u00fdch l\u00e1tek<br \/>Dopravovan\u00e9 mno\u017estv\u00ed 80-1 000cm3\/ot\u00e1\u010dku<br \/>Standardn\u00ed v\u00fdtlak do 2,5 MPa (dle stavebn\u00ed velikosti)<br \/>Viskozita \u010derpan\u00fdch kapalin do 50 000 mm2\/s<\/p><p>[\/et_pb_text][\/et_pb_column][et_pb_column type=\"2_5\" _builder_version=\"3.27.2\"][et_pb_image src=\"https:\/\/www.ganes.cz\/wp-content\/uploads\/zubova-cerpadla-05-510x372.png\" alt=\"Zubov\u00e1 \u010derpadla typ TF\" _builder_version=\"4.2.2\"][\/et_pb_image][\/et_pb_column][\/et_pb_row][\/et_pb_section][et_pb_section fb_built=\"1\" _builder_version=\"3.27.2\" background_color=\"rgba(0,0,0,0.02)\"][et_pb_row column_structure=\"2_5,3_5\" _builder_version=\"3.27.2\"][et_pb_column type=\"2_5\" _builder_version=\"3.27.2\"][et_pb_image src=\"https:\/\/www.ganes.cz\/wp-content\/uploads\/zubova-cerpadla-04.png\" alt=\"Zubov\u00e1 \u010derpadla typ SF\" _builder_version=\"4.2.2\"][\/et_pb_image][\/et_pb_column][et_pb_column type=\"3_5\" _builder_version=\"3.27.2\"][et_pb_text _builder_version=\"4.0.2\"]<\/p><h3>Zubov\u00e1 \u010derpadla typ SF<\/h3><p>[\/et_pb_text][et_pb_divider color=\"#6DB457\" divider_weight=\"3px\" admin_label=\"Odd\u011blova\u010d vlevo\" _builder_version=\"4.0.2\" width=\"20%\" module_alignment=\"left\" global_module=\"9848\" saved_tabs=\"all\"][\/et_pb_divider][et_pb_text _builder_version=\"4.0.2\"]<\/p><p>Dopravn\u00ed a mazac\u00ed \u010derpadla na media maj\u00edc\u00ed alespo\u0148 minim\u00e1ln\u00ed zaru\u010denou mazac\u00ed schopnost a jsou bez pevn\u00fdch l\u00e1tek<br \/>Dopravovan\u00e9 mno\u017estv\u00ed 2-1 000cm3\/ot\u00e1\u010dku<br \/>Tlak na s\u00e1n\u00ed -0,4 a\u017e 1 MPa<br \/>Diferen\u010dn\u00ed tlak do 2,5 MPa<br \/>Viskozita \u010derpan\u00fdch kapalin 5 a\u017e 50 000 mm2\/s<\/p><p>[\/et_pb_text][\/et_pb_column][\/et_pb_row][\/et_pb_section][et_pb_section fb_built=\"1\" _builder_version=\"4.0.2\"][et_pb_row column_structure=\"3_5,2_5\" _builder_version=\"4.0.2\"][et_pb_column type=\"3_5\" _builder_version=\"3.27.2\"][et_pb_text _builder_version=\"4.0.2\"]<\/p><h3>Rota\u010dn\u00ed p\u00edstov\u00e1 \u010derpadla typ SKK<\/h3><p>[\/et_pb_text][et_pb_divider color=\"#6DB457\" divider_weight=\"3px\" admin_label=\"Odd\u011blova\u010d vlevo\" _builder_version=\"4.0.2\" width=\"20%\" module_alignment=\"left\" global_module=\"9848\" saved_tabs=\"all\"][\/et_pb_divider][et_pb_text _builder_version=\"4.1\"]<\/p><p>Dopravn\u00ed a mazac\u00ed \u010derpadla na media maj\u00edc\u00ed alespo\u0148 minim\u00e1ln\u00ed zaru\u010denou mazac\u00ed schopnost a jsou bez pevn\u00fdch l\u00e1tek<br \/>Dopravovan\u00e9 mno\u017estv\u00ed 80-1 000cm3\/ot\u00e1\u010dku<br \/>Standardn\u00ed v\u00fdtlak do 2,5 MPa (dle stavebn\u00ed velikosti)<br \/>Viskozita \u010derpan\u00fdch kapalin do 50 000 mm2\/s<\/p><p>[\/et_pb_text][\/et_pb_column][et_pb_column type=\"2_5\" _builder_version=\"3.27.2\"][et_pb_image src=\"https:\/\/www.ganes.cz\/wp-content\/uploads\/zubova-cerpadla-03.png\" alt=\"Rota\u010dn\u00ed p\u00edstov\u00e1 \u010derpadla typ SKK\" _builder_version=\"4.2.2\"][\/et_pb_image][et_pb_image src=\"https:\/\/www.ganes.cz\/wp-content\/uploads\/zubova-cerpadla-02.png\" alt=\"Rota\u010dn\u00ed p\u00edstov\u00e1 \u010derpadla typ SKK\" _builder_version=\"4.2.2\"][\/et_pb_image][\/et_pb_column][\/et_pb_row][\/et_pb_section][et_pb_section fb_built=\"1\" _builder_version=\"3.27.2\" background_color=\"rgba(0,0,0,0.02)\"][et_pb_row column_structure=\"2_5,3_5\" _builder_version=\"3.27.2\"][et_pb_column type=\"2_5\" _builder_version=\"3.27.2\"][et_pb_image _builder_version=\"4.0.7\"][\/et_pb_image][\/et_pb_column][et_pb_column type=\"3_5\" _builder_version=\"3.27.2\"][et_pb_text _builder_version=\"4.0.2\"]<\/p><h3>ATEX proveden\u00ed \u010derpadel<\/h3><p>[\/et_pb_text][et_pb_divider color=\"#6DB457\" divider_weight=\"3px\" admin_label=\"Odd\u011blova\u010d vlevo\" _builder_version=\"4.0.2\" width=\"20%\" module_alignment=\"left\" global_module=\"9848\" saved_tabs=\"all\"][\/et_pb_divider][et_pb_text _builder_version=\"4.0.2\"]<\/p><p>Na p\u0159\u00e1n\u00ed je mo\u017eno dodat \u010derpadla i v proveden\u00ed dle EU p\u0159edpisu 2014\/34\/EU.<\/p><p>[\/et_pb_text][\/et_pb_column][\/et_pb_row][\/et_pb_section]<\/p>","_et_gb_content_width":"","footnotes":""},"class_list":["post-10900","page","type-page","status-publish","hentry"],"_links":{"self":[{"href":"https:\/\/www.ganes.cz\/pl\/wp-json\/wp\/v2\/pages\/10900","targetHints":{"allow":["GET"]}}],"collection":[{"href":"https:\/\/www.ganes.cz\/pl\/wp-json\/wp\/v2\/pages"}],"about":[{"href":"https:\/\/www.ganes.cz\/pl\/wp-json\/wp\/v2\/types\/page"}],"author":[{"embeddable":true,"href":"https:\/\/www.ganes.cz\/pl\/wp-json\/wp\/v2\/users\/1"}],"replies":[{"embeddable":true,"href":"https:\/\/www.ganes.cz\/pl\/wp-json\/wp\/v2\/comments?post=10900"}],"version-history":[{"count":3,"href":"https:\/\/www.ganes.cz\/pl\/wp-json\/wp\/v2\/pages\/10900\/revisions"}],"predecessor-version":[{"id":11931,"href":"https:\/\/www.ganes.cz\/pl\/wp-json\/wp\/v2\/pages\/10900\/revisions\/11931"}],"wp:attachment":[{"href":"https:\/\/www.ganes.cz\/pl\/wp-json\/wp\/v2\/media?parent=10900"}],"curies":[{"name":"wp","href":"https:\/\/api.w.org\/{rel}","templated":true}]}}