{"id":10927,"date":"2020-02-23T12:44:31","date_gmt":"2020-02-23T11:44:31","guid":{"rendered":"https:\/\/www.ganes.cz\/?page_id=10927"},"modified":"2025-04-04T13:28:38","modified_gmt":"2025-04-04T11:28:38","slug":"o-nas","status":"publish","type":"page","link":"https:\/\/www.ganes.cz\/pl\/o-nas\/","title":{"rendered":"O nas"},"content":{"rendered":"<p>[et_pb_section fb_built=&#8221;1&#8243; _builder_version=&#8221;4.16&#8243; global_colors_info=&#8221;{}&#8221;][et_pb_row _builder_version=&#8221;4.16&#8243; background_size=&#8221;initial&#8221; background_position=&#8221;top_left&#8221; background_repeat=&#8221;repeat&#8221; global_colors_info=&#8221;{}&#8221;][et_pb_column type=&#8221;4_4&#8243; _builder_version=&#8221;4.16&#8243; custom_padding=&#8221;|||&#8221; global_colors_info=&#8221;{}&#8221; custom_padding__hover=&#8221;|||&#8221;][et_pb_text _builder_version=&#8221;4.16&#8243; header_font=&#8221;|600||on|||||&#8221; background_size=&#8221;initial&#8221; background_position=&#8221;top_left&#8221; background_repeat=&#8221;repeat&#8221; text_orientation=&#8221;center&#8221; text_text_align=&#8221;center&#8221; global_colors_info=&#8221;{}&#8221;]<\/p>\n<h1>O nas<\/h1>\n<p>[\/et_pb_text][et_pb_divider color=&#8221;#6DB457&#8243; divider_weight=&#8221;3px&#8221; _builder_version=&#8221;4.16&#8243; width=&#8221;10%&#8221; module_alignment=&#8221;center&#8221; saved_tabs=&#8221;all&#8221; global_colors_info=&#8221;{}&#8221;][\/et_pb_divider][\/et_pb_column][\/et_pb_row][et_pb_row column_structure=&#8221;3_4,1_4&#8243; _builder_version=&#8221;4.16&#8243; global_colors_info=&#8221;{}&#8221;][et_pb_column type=&#8221;3_4&#8243; _builder_version=&#8221;4.16&#8243; global_colors_info=&#8221;{}&#8221;][et_pb_text _builder_version=&#8221;4.27.4&#8243; background_size=&#8221;initial&#8221; background_position=&#8221;top_left&#8221; background_repeat=&#8221;repeat&#8221; text_orientation=&#8221;justify&#8221; hover_enabled=&#8221;0&#8243; text_text_align=&#8221;justify&#8221; global_colors_info=&#8221;{}&#8221; sticky_enabled=&#8221;0&#8243;]<\/p>\n<p>Sp\u00f3\u0142ka GANES s.r.o. zosta\u0142a ufundowana w roku 1993 i&nbsp;dalej kontynuuje proces mocnego zakotwiczenia pomi\u0119dzy dostawcami urz\u0105dze\u0144 do wyko\u0144czenia powierzchni metali.<\/p>\n<p>Drugim znacz\u0105cym obszarem dzia\u0142alno\u015bci sp\u00f3\u0142ki jest rozwi\u0105zywanie problematyki gospodarki odpadami oraz regeneracja cieczy tn\u0105cych w segmencie wi\u00f3rowej obr\u00f3bki metali.<\/p>\n<p>Poziom wiedzy oraz d\u0142ugoletnie do\u015bwiadczenie praktyczne (know-how) pracownik\u00f3w firmy zabezpiecza rozwi\u0105zanie poszczeg\u00f3lnych problem\u00f3w na najwy\u017cszym poziomie technicznym, ekonomicznym i&nbsp;ekologicznym. Dzi\u0119ki wykorzystaniu progresywnych technologii oraz element\u00f3w osi\u0105galnych na rynku europejskim, jak te\u017c dzi\u0119ki wsp\u00f3\u0142pracy z&nbsp;czo\u0142owymi firmami bran\u017cowymi, sp\u00f3\u0142ka jest w stanie podnosi\u0107 wydajno\u015b\u0107 oraz skuteczno\u015b\u0107 zespo\u0142\u00f3w operacyjnych przy dotrzymywaniu wymaga\u0144 dot. przysz\u0142ego \u015brodowiska naturalnego.<\/p>\n<p>[\/et_pb_text][\/et_pb_column][et_pb_column type=&#8221;1_4&#8243; _builder_version=&#8221;4.16&#8243; global_colors_info=&#8221;{}&#8221;][et_pb_image src=&#8221;https:\/\/www.ganes.cz\/wp-content\/uploads\/o-nas-02-225&#215;225.png&#8221; alt=&#8221;Izba Gospodarcza Republiki Czeskiej&#8221; url=&#8221;https:\/\/www.komora.cz&#8221; url_new_window=&#8221;on&#8221; _builder_version=&#8221;4.16&#8243; global_colors_info=&#8221;{}&#8221;][\/et_pb_image][et_pb_text _builder_version=&#8221;4.16&#8243; text_orientation=&#8221;center&#8221; custom_padding=&#8221;||14px|||&#8221; global_colors_info=&#8221;{}&#8221;]<\/p>\n<p><em>Jeste\u015bmy cz\u0142onkami Izby Gospodarczej Republiki Czeskiej.<\/em><\/p>\n<p>[\/et_pb_text][\/et_pb_column][\/et_pb_row][et_pb_row column_structure=&#8221;1_2,1_2&#8243; _builder_version=&#8221;4.16&#8243; global_colors_info=&#8221;{}&#8221;][et_pb_column type=&#8221;1_2&#8243; _builder_version=&#8221;4.16&#8243; global_colors_info=&#8221;{}&#8221;][et_pb_text _builder_version=&#8221;4.27.4&#8243; background_size=&#8221;initial&#8221; background_position=&#8221;top_left&#8221; background_repeat=&#8221;repeat&#8221; text_orientation=&#8221;justify&#8221; hover_enabled=&#8221;0&#8243; text_text_align=&#8221;justify&#8221; global_colors_info=&#8221;{}&#8221; sticky_enabled=&#8221;0&#8243; link_option_url=&#8221;@ET-DC@eyJkeW5hbWljIjp0cnVlLCJjb250ZW50IjoicG9zdF9saW5rX3VybF9wYWdlIiwic2V0dGluZ3MiOnsicG9zdF9pZCI6IjEwODkxIn19@&#8221; _dynamic_attributes=&#8221;link_option_url&#8221;]<\/p>\n<blockquote>\n<h3>Galwanotechnika<\/h3>\n<\/blockquote>\n<ul>\n<li><span>wanny, manipulatory, systemy grzewcze, ch\u0142odz\u0105ce, armatury dystrybucyjne energii elektrycznej, obs\u0142uga PLC, konstrukcje stalowe<\/span><\/li>\n<li><span>urz\u0105dzenia oraz zespo\u0142y operacyjne do wyko\u0144czenia powierzchni procesami chemicznymi i&nbsp;elektrochemicznymi<\/span><\/li>\n<li><span>wprowadzanie technologii czystszej produkcji<\/span><\/li>\n<\/ul>\n<p>[\/et_pb_text][\/et_pb_column][et_pb_column type=&#8221;1_2&#8243; _builder_version=&#8221;4.16&#8243; global_colors_info=&#8221;{}&#8221;][et_pb_text _builder_version=&#8221;4.27.4&#8243; background_size=&#8221;initial&#8221; background_position=&#8221;top_left&#8221; background_repeat=&#8221;repeat&#8221; text_orientation=&#8221;justify&#8221; hover_enabled=&#8221;0&#8243; text_text_align=&#8221;justify&#8221; global_colors_info=&#8221;{}&#8221; sticky_enabled=&#8221;0&#8243; link_option_url=&#8221;@ET-DC@eyJkeW5hbWljIjp0cnVlLCJjb250ZW50IjoicG9zdF9saW5rX3VybF9wYWdlIiwic2V0dGluZ3MiOnsicG9zdF9pZCI6IjEwODk2In19@&#8221; _dynamic_attributes=&#8221;link_option_url&#8221;]<\/p>\n<blockquote>\n<h3><span>Gospodarka wi\u00f3rowa<\/span><\/h3>\n<\/blockquote>\n<ul>\n<li><span>wir\u00f3wki, kruszarki, brykieciarki, w\u00f3zki do wi\u00f3r\u00f3w, przeno\u015bniki, separatory<\/span><\/li>\n<li><span>urz\u0105dzenia oraz zespo\u0142y operacyjne do ci\u0105g\u0142ego odzysku cieczy ch\u0142odz\u0105cych do narz\u0119dzi tn\u0105cych podczas obr\u00f3bki wi\u00f3r\u00f3w metalowych oraz nieczysto\u015bci szlifierskich urz\u0105dzenia oraz zespo\u0142y<\/span><\/li>\n<li><span>operacyjne do kruszenia wi\u00f3r\u00f3w z&nbsp;obr\u00f3bki metali, ich suszenie, ewentualnie brykietowanie <\/span><\/li>\n<li><span>urz\u0105dzenia gospodarki olejowej<\/span><\/li>\n<li><span>odnowiony u\u017cywany sprz\u0119t<\/span><\/li>\n<\/ul>\n<p>[\/et_pb_text][\/et_pb_column][\/et_pb_row][et_pb_row column_structure=&#8221;1_2,1_2&#8243; _builder_version=&#8221;4.16&#8243; global_colors_info=&#8221;{}&#8221;][et_pb_column type=&#8221;1_2&#8243; _builder_version=&#8221;4.16&#8243; global_colors_info=&#8221;{}&#8221;][et_pb_text _builder_version=&#8221;4.27.4&#8243; background_size=&#8221;initial&#8221; background_position=&#8221;top_left&#8221; background_repeat=&#8221;repeat&#8221; text_orientation=&#8221;justify&#8221; hover_enabled=&#8221;0&#8243; text_text_align=&#8221;justify&#8221; global_colors_info=&#8221;{}&#8221; link_option_url=&#8221;@ET-DC@eyJkeW5hbWljIjp0cnVlLCJjb250ZW50IjoicG9zdF9saW5rX3VybF9wYWdlIiwic2V0dGluZ3MiOnsicG9zdF9pZCI6IjEwOTAwIn19@&#8221; _dynamic_attributes=&#8221;link_option_url&#8221; sticky_enabled=&#8221;0&#8243;]<\/p>\n<blockquote>\n<h3><span>Urz\u0105dzenia manipulacyjne i&nbsp;separacyjne<\/span><\/h3>\n<\/blockquote>\n<ul>\n<li><span>wywrotnice do manipulacji przemys\u0142owej z&nbsp;materia\u0142ami sypkimi<\/span><\/li>\n<li><span>separatory b\u0119bnowe<\/span><\/li>\n<\/ul>\n<p>[\/et_pb_text][\/et_pb_column][et_pb_column type=&#8221;1_2&#8243; _builder_version=&#8221;4.16&#8243; global_colors_info=&#8221;{}&#8221;][\/et_pb_column][\/et_pb_row][\/et_pb_section][et_pb_section fb_built=&#8221;1&#8243; _builder_version=&#8221;4.16&#8243; background_color=&#8221;rgba(0,0,0,0.02)&#8221; global_colors_info=&#8221;{}&#8221;][et_pb_row _builder_version=&#8221;4.16&#8243; global_colors_info=&#8221;{}&#8221;][et_pb_column type=&#8221;4_4&#8243; _builder_version=&#8221;4.16&#8243; global_colors_info=&#8221;{}&#8221;][et_pb_text _builder_version=&#8221;4.16&#8243; text_orientation=&#8221;center&#8221; text_text_align=&#8221;center&#8221; global_colors_info=&#8221;{}&#8221;]<\/p>\n<h2><span>Certyfikaty produkt\u00f3w<\/span><\/h2>\n<p>[\/et_pb_text][et_pb_divider color=&#8221;#6DB457&#8243; divider_weight=&#8221;3px&#8221; _builder_version=&#8221;4.16&#8243; width=&#8221;10%&#8221; module_alignment=&#8221;center&#8221; saved_tabs=&#8221;all&#8221; global_colors_info=&#8221;{}&#8221;][\/et_pb_divider][\/et_pb_column][\/et_pb_row][et_pb_row column_structure=&#8221;1_3,1_3,1_3&#8243; _builder_version=&#8221;4.16&#8243; global_colors_info=&#8221;{}&#8221;][et_pb_column type=&#8221;1_3&#8243; _builder_version=&#8221;4.16&#8243; global_colors_info=&#8221;{}&#8221;][et_pb_image src=&#8221;https:\/\/www.ganes.cz\/wp-content\/uploads\/certifikaty-na-vyrobky-01.jpg&#8221; alt=&#8221;Certyfikat produktu&#8221; show_in_lightbox=&#8221;on&#8221; _builder_version=&#8221;4.16&#8243; box_shadow_style=&#8221;preset3&#8243; global_colors_info=&#8221;{}&#8221;][\/et_pb_image][\/et_pb_column][et_pb_column type=&#8221;1_3&#8243; _builder_version=&#8221;4.16&#8243; global_colors_info=&#8221;{}&#8221;][et_pb_image src=&#8221;https:\/\/www.ganes.cz\/wp-content\/uploads\/certifikaty-na-vyrobky-02.jpg&#8221; alt=&#8221;Certyfikat produktu&#8221; show_in_lightbox=&#8221;on&#8221; _builder_version=&#8221;4.16&#8243; box_shadow_style=&#8221;preset3&#8243; global_colors_info=&#8221;{}&#8221;][\/et_pb_image][\/et_pb_column][et_pb_column type=&#8221;1_3&#8243; _builder_version=&#8221;4.16&#8243; global_colors_info=&#8221;{}&#8221;][et_pb_image src=&#8221;https:\/\/www.ganes.cz\/wp-content\/uploads\/certifikaty-na-vyrobky-03.jpg&#8221; alt=&#8221;Certyfikat produktu&#8221; show_in_lightbox=&#8221;on&#8221; _builder_version=&#8221;4.16&#8243; box_shadow_style=&#8221;preset3&#8243; global_colors_info=&#8221;{}&#8221;][\/et_pb_image][\/et_pb_column][\/et_pb_row][et_pb_row _builder_version=&#8221;4.16&#8243; global_colors_info=&#8221;{}&#8221;][et_pb_column type=&#8221;4_4&#8243; _builder_version=&#8221;4.16&#8243; global_colors_info=&#8221;{}&#8221;][et_pb_text _builder_version=&#8221;4.16&#8243; text_orientation=&#8221;center&#8221; text_text_align=&#8221;center&#8221; global_colors_info=&#8221;{}&#8221;]<\/p>\n<h2><span>Certyfikaty ISO<\/span><\/h2>\n<p>[\/et_pb_text][et_pb_divider color=&#8221;#6DB457&#8243; divider_weight=&#8221;3px&#8221; _builder_version=&#8221;4.16&#8243; width=&#8221;10%&#8221; module_alignment=&#8221;center&#8221; saved_tabs=&#8221;all&#8221; global_colors_info=&#8221;{}&#8221;][\/et_pb_divider][\/et_pb_column][\/et_pb_row][et_pb_row column_structure=&#8221;1_4,1_4,1_4,1_4&#8243; _builder_version=&#8221;4.16&#8243; global_colors_info=&#8221;{}&#8221;][et_pb_column type=&#8221;1_4&#8243; _builder_version=&#8221;4.16&#8243; global_colors_info=&#8221;{}&#8221;][et_pb_image src=&#8221;https:\/\/www.ganes.cz\/wp-content\/uploads\/Certifikat-ISO-1.jpg&#8221; alt=&#8221;Certyfikat ISO&#8221; show_in_lightbox=&#8221;on&#8221; _builder_version=&#8221;4.16&#8243; box_shadow_style=&#8221;preset3&#8243; global_colors_info=&#8221;{}&#8221;][\/et_pb_image][\/et_pb_column][et_pb_column type=&#8221;1_4&#8243; _builder_version=&#8221;4.16&#8243; global_colors_info=&#8221;{}&#8221;][et_pb_image src=&#8221;https:\/\/www.ganes.cz\/wp-content\/uploads\/Certifikat-ISO-2.jpg&#8221; alt=&#8221;Certyfikat ISO&#8221; show_in_lightbox=&#8221;on&#8221; _builder_version=&#8221;4.16&#8243; box_shadow_style=&#8221;preset3&#8243; global_colors_info=&#8221;{}&#8221;][\/et_pb_image][\/et_pb_column][et_pb_column type=&#8221;1_4&#8243; _builder_version=&#8221;4.16&#8243; global_colors_info=&#8221;{}&#8221;][et_pb_image src=&#8221;https:\/\/www.ganes.cz\/wp-content\/uploads\/Certifikat-ISO-3.jpg&#8221; alt=&#8221;Certyfikat ISO&#8221; show_in_lightbox=&#8221;on&#8221; _builder_version=&#8221;4.16&#8243; box_shadow_style=&#8221;preset3&#8243; global_colors_info=&#8221;{}&#8221;][\/et_pb_image][\/et_pb_column][et_pb_column type=&#8221;1_4&#8243; _builder_version=&#8221;4.16&#8243; global_colors_info=&#8221;{}&#8221;][et_pb_image src=&#8221;https:\/\/www.ganes.cz\/wp-content\/uploads\/Certifikat-ISO-4.jpg&#8221; alt=&#8221;Certyfikat ISO&#8221; show_in_lightbox=&#8221;on&#8221; _builder_version=&#8221;4.16&#8243; box_shadow_style=&#8221;preset3&#8243; global_colors_info=&#8221;{}&#8221;][\/et_pb_image][\/et_pb_column][\/et_pb_row][et_pb_row _builder_version=&#8221;4.16&#8243; global_colors_info=&#8221;{}&#8221;][et_pb_column type=&#8221;4_4&#8243; _builder_version=&#8221;4.16&#8243; global_colors_info=&#8221;{}&#8221;][et_pb_text _builder_version=&#8221;4.16&#8243; text_orientation=&#8221;center&#8221; text_text_align=&#8221;center&#8221; global_colors_info=&#8221;{}&#8221;]<\/p>\n<p><span>Certyfikowane wg \u010cSN EN ISO 9001:2016 oraz \u010cSN EN ISO 14001:2016.<\/span><\/p>\n<p>[\/et_pb_text][\/et_pb_column][\/et_pb_row][\/et_pb_section][et_pb_section fb_built=&#8221;1&#8243; _builder_version=&#8221;4.16&#8243; global_colors_info=&#8221;{}&#8221;][et_pb_row _builder_version=&#8221;4.16&#8243; global_colors_info=&#8221;{}&#8221;][et_pb_column type=&#8221;4_4&#8243; _builder_version=&#8221;4.16&#8243; global_colors_info=&#8221;{}&#8221;][et_pb_cta title=&#8221;Og\u00f3lne warunki handlowe&#8221; button_url=&#8221;https:\/\/www.ganes.cz\/wp-content\/uploads\/ganes-s-r-o&#8211;vseobecne-obchodni-podminky-1.pdf&#8221; url_new_window=&#8221;on&#8221; button_text=&#8221;Pobra\u0107&#8221; _builder_version=&#8221;4.16&#8243; background_color=&#8221;rgba(0,0,0,0.03)&#8221; background_enable_image=&#8221;off&#8221; custom_button=&#8221;on&#8221; button_text_color=&#8221;#ffffff&#8221; button_bg_color=&#8221;#5e9e4e&#8221; button_border_color=&#8221;#5e9e4e&#8221; background_layout=&#8221;light&#8221; box_shadow_style_button=&#8221;preset3&#8243; global_colors_info=&#8221;{}&#8221;]<\/p>\n<p>Do pobrania w PDF.<\/p>\n<p>[\/et_pb_cta][\/et_pb_column][\/et_pb_row][\/et_pb_section]<\/p>\n","protected":false},"excerpt":{"rendered":"<p>O nasSp\u00f3\u0142ka GANES s.r.o. zosta\u0142a ufundowana w roku 1993 i&nbsp;dalej kontynuuje proces mocnego zakotwiczenia pomi\u0119dzy dostawcami urz\u0105dze\u0144 do wyko\u0144czenia powierzchni metali. Drugim znacz\u0105cym obszarem dzia\u0142alno\u015bci sp\u00f3\u0142ki jest rozwi\u0105zywanie problematyki gospodarki odpadami oraz regeneracja cieczy tn\u0105cych w segmencie wi\u00f3rowej obr\u00f3bki metali. Poziom wiedzy oraz d\u0142ugoletnie do\u015bwiadczenie praktyczne (know-how) pracownik\u00f3w firmy zabezpiecza rozwi\u0105zanie poszczeg\u00f3lnych problem\u00f3w na [&hellip;]<\/p>\n","protected":false},"author":1,"featured_media":0,"parent":0,"menu_order":0,"comment_status":"closed","ping_status":"closed","template":"","meta":{"_et_pb_use_builder":"on","_et_pb_old_content":"<p>[et_pb_section fb_built=\"1\" _builder_version=\"3.22\"][et_pb_row _builder_version=\"3.25\" background_size=\"initial\" background_position=\"top_left\" background_repeat=\"repeat\"][et_pb_column type=\"4_4\" _builder_version=\"3.25\" custom_padding=\"|||\" custom_padding__hover=\"|||\"][et_pb_text _builder_version=\"3.27.4\" header_font=\"|600||on|||||\" background_size=\"initial\" background_position=\"top_left\" background_repeat=\"repeat\" text_orientation=\"center\" text_text_align=\"center\"]<\/p><h1>O n\u00e1s<\/h1><p>[\/et_pb_text][et_pb_divider color=\"#6DB457\" divider_weight=\"3px\" _builder_version=\"3.27.1\" width=\"10%\" module_alignment=\"center\" global_module=\"128\" saved_tabs=\"all\"][\/et_pb_divider][\/et_pb_column][\/et_pb_row][et_pb_row column_structure=\"3_4,1_4\" _builder_version=\"4.1\"][et_pb_column type=\"3_4\" _builder_version=\"4.1\"][et_pb_text _builder_version=\"4.0.6\" background_size=\"initial\" background_position=\"top_left\" background_repeat=\"repeat\" text_orientation=\"justify\" text_text_align=\"justify\"]<\/p><p>Spole\u010dnost GANES s.r.o. byla zalo\u017eena v roce 1993 a nad\u00e1le pokra\u010duje pevn\u011b zakotven\u00e1 mezi dodavateli za\u0159\u00edzen\u00ed pro povrchov\u00e9 \u00fapravy kov\u016f.<\/p><p>Druhou v\u00fdznamnou oblast\u00ed aktivit spole\u010dnosti je \u0159e\u0161en\u00ed problematiky odpadov\u00e9ho hospod\u00e1\u0159stv\u00ed a regenerace \u0159ezn\u00fdch kapalin v segmentu t\u0159\u00edskov\u00e9ho obr\u00e1b\u011bn\u00ed kov\u016f.<\/p><p>V r\u00e1mci dlouhodob\u00e9 spolupr\u00e1ce s n\u011bkter\u00fdmi n\u011bmeck\u00fdmi firmami, byla \u010dinnost spole\u010dnosti roz\u0161\u00ed\u0159ena na oblast prodeje odst\u0159edivek, drti\u010d\u016f, briketovac\u00edch lis\u016f a objemov\u00fdch \u010derpadel<\/p><p>\u00darove\u0148 znalost\u00ed a dlouhodob\u00e9 praktick\u00e9 zku\u0161enosti (know-how) pracovn\u00edk\u016f firmy zabezpe\u010duje \u0159e\u0161en\u00ed jednotliv\u00fdch probl\u00e9m\u016f na nejvy\u0161\u0161\u00ed technick\u00e9, ekonomick\u00e9 a ekologick\u00e9 \u00farovni. Vyu\u017eit\u00edm progresivn\u00edch technologi\u00ed a komponent dosa\u017eiteln\u00fdch na evropsk\u00e9m trhu a d\u00edky \u00fazk\u00fdm spoluprac\u00edm s p\u0159edn\u00edmi firmami z oboru je spole\u010dnost schopna zvy\u0161ovat v\u00fdkonnost a efektivnost provozn\u00edch soubor\u016f s respektov\u00e1n\u00edm po\u017eadavk\u016f na budouc\u00ed \u017eivotn\u00ed prost\u0159ed\u00ed.<\/p><p>[\/et_pb_text][\/et_pb_column][et_pb_column type=\"1_4\" _builder_version=\"4.1\"][et_pb_image src=\"https:\/\/www.ganes.cz\/wp-content\/uploads\/o-nas-02-225x225.png\" alt=\"Hospod\u00e1\u0159sk\u00e1 komora \u010cesk\u00e9 republiky\" url=\"https:\/\/www.komora.cz\" url_new_window=\"on\" _builder_version=\"4.2.2\"][\/et_pb_image][et_pb_text _builder_version=\"4.1\" text_orientation=\"center\" custom_padding=\"||14px|||\"]<\/p><p><em>Jsme \u010dlenem Hospod\u00e1\u0159sk\u00e9 komory \u010cesk\u00e9 republiky.<\/em><\/p><p>[\/et_pb_text][\/et_pb_column][\/et_pb_row][et_pb_row column_structure=\"1_2,1_2\" _builder_version=\"3.27.1\"][et_pb_column type=\"1_2\" _builder_version=\"3.27.1\"][et_pb_text _builder_version=\"4.0.2\" background_size=\"initial\" background_position=\"top_left\" background_repeat=\"repeat\" text_orientation=\"justify\" text_text_align=\"justify\"]<\/p><blockquote><h3>Galvanotechnika<\/h3><\/blockquote><ul><li>vany, manipul\u00e1tory, topn\u00e9, chlad\u00edc\u00ed registry, elektrovodn\u00e9 armatury, PLC \u0159\u00edzen\u00ed, ocelov\u00e9 konstrukce<\/li><li>za\u0159\u00edzen\u00ed a provozn\u00ed soubory pro chemick\u00e9 a elektrochemick\u00e9 procesy povrchov\u00fdch \u00faprav<\/li><li>za\u0159\u00edzen\u00ed a provozn\u00ed soubory pro procesy povrchov\u00fdch \u00faprav elektroforetick\u00fdm lakov\u00e1n\u00edm<\/li><li>za\u0159\u00edzen\u00ed a provozn\u00ed soubory prozne\u0161kod\u0148ov\u00e1n\u00ed odpadn\u00edch produkt\u016f z t\u011bchto proces\u016f<\/li><li>zav\u00e1d\u011bn\u00ed technologi\u00ed \u010dist\u0161\u00ed produkce<\/li><\/ul><p>[\/et_pb_text][\/et_pb_column][et_pb_column type=\"1_2\" _builder_version=\"3.27.1\"][et_pb_text _builder_version=\"4.0.2\" background_size=\"initial\" background_position=\"top_left\" background_repeat=\"repeat\" text_orientation=\"justify\" text_text_align=\"justify\"]<\/p><blockquote><h3>T\u0159\u00edskov\u00e9 hospod\u00e1\u0159stv\u00ed<\/h3><\/blockquote><ul><li>odst\u0159edivky, drti\u010de, briketovac\u00ed lisy, voz\u00edky na t\u0159\u00edsky, dopravn\u00edky, separ\u00e1tory<\/li><li>za\u0159\u00edzen\u00ed a provozn\u00ed soubory pro kontinu\u00e1ln\u00ed zp\u011btn\u00e9 z\u00edsk\u00e1v\u00e1n\u00ed \u0159ezn\u00fdch kapalin p\u0159i \u00faprav\u011b kovov\u00fdch t\u0159\u00edsek a brusn\u00fdch kal\u016f<\/li><li>za\u0159\u00edzen\u00ed a provozn\u00ed soubory pro drcen\u00ed t\u0159\u00edsek z kovoobr\u00e1b\u011bn\u00ed, jejich su\u0161en\u00ed a p\u0159\u00edpadn\u00e9 briketov\u00e1n\u00ed<br \/>za\u0159\u00edzen\u00ed pro olejov\u00e1 hospod\u00e1\u0159stv\u00ed<\/li><\/ul><p>[\/et_pb_text][\/et_pb_column][\/et_pb_row][et_pb_row column_structure=\"1_2,1_2\" _builder_version=\"3.27.1\"][et_pb_column type=\"1_2\" _builder_version=\"3.27.1\"][et_pb_text _builder_version=\"4.0.2\" background_size=\"initial\" background_position=\"top_left\" background_repeat=\"repeat\" text_orientation=\"justify\" text_text_align=\"justify\"]<\/p><blockquote><h3>\u010cerpadla<\/h3><\/blockquote><ul><li>prodej objemov\u00fdch \u010derpadel\u00a0STEIMEL<\/li><\/ul><p>[\/et_pb_text][\/et_pb_column][et_pb_column type=\"1_2\" _builder_version=\"3.27.1\"][et_pb_text _builder_version=\"4.0.2\" background_size=\"initial\" background_position=\"top_left\" background_repeat=\"repeat\" text_orientation=\"justify\" text_text_align=\"justify\"]<\/p><blockquote><h3>Manipula\u010dn\u00ed a separa\u010dn\u00ed za\u0159\u00edzen\u00ed<\/h3><\/blockquote><ul><li>v\u00fdklopn\u00edky pro pr\u016fmyslovou manipulaci se sypateln\u00fdmi materi\u00e1ly<\/li><li>bubnov\u00e9 separ\u00e1tory<\/li><\/ul><p>[\/et_pb_text][\/et_pb_column][\/et_pb_row][\/et_pb_section][et_pb_section fb_built=\"1\" _builder_version=\"3.27.1\" background_color=\"rgba(0,0,0,0.02)\"][et_pb_row _builder_version=\"3.27.1\"][et_pb_column type=\"4_4\" _builder_version=\"3.27.1\"][et_pb_text _builder_version=\"3.27.4\" text_orientation=\"center\" text_text_align=\"center\"]<\/p><h2>Certifik\u00e1ty na v\u00fdrobky<\/h2><p>[\/et_pb_text][et_pb_divider color=\"#6DB457\" divider_weight=\"3px\" _builder_version=\"3.27.1\" width=\"10%\" module_alignment=\"center\" global_module=\"128\" saved_tabs=\"all\"][\/et_pb_divider][\/et_pb_column][\/et_pb_row][et_pb_row column_structure=\"1_3,1_3,1_3\" _builder_version=\"3.27.1\"][et_pb_column type=\"1_3\" _builder_version=\"3.27.1\"][et_pb_image src=\"https:\/\/www.ganes.cz\/wp-content\/uploads\/certifikaty-na-vyrobky-01.jpg\" alt=\"Certifik\u00e1t v\u00fdrobku\" show_in_lightbox=\"on\" _builder_version=\"4.2.2\" hover_enabled=\"0\" box_shadow_style=\"preset3\"][\/et_pb_image][\/et_pb_column][et_pb_column type=\"1_3\" _builder_version=\"3.27.1\"][et_pb_image src=\"https:\/\/www.ganes.cz\/wp-content\/uploads\/certifikaty-na-vyrobky-02.jpg\" alt=\"Certifik\u00e1t v\u00fdrobku\" show_in_lightbox=\"on\" _builder_version=\"4.2.2\" box_shadow_style=\"preset3\"][\/et_pb_image][\/et_pb_column][et_pb_column type=\"1_3\" _builder_version=\"3.27.1\"][et_pb_image src=\"https:\/\/www.ganes.cz\/wp-content\/uploads\/certifikaty-na-vyrobky-03.jpg\" alt=\"Certifik\u00e1t v\u00fdrobku\" show_in_lightbox=\"on\" _builder_version=\"4.2.2\" box_shadow_style=\"preset3\"][\/et_pb_image][\/et_pb_column][\/et_pb_row][et_pb_row _builder_version=\"3.27.1\"][et_pb_column type=\"4_4\" _builder_version=\"3.27.1\"][et_pb_text _builder_version=\"3.27.4\" text_orientation=\"center\" text_text_align=\"center\"]<\/p><h2>Certifik\u00e1ty ISO<\/h2><p>[\/et_pb_text][et_pb_divider color=\"#6DB457\" divider_weight=\"3px\" _builder_version=\"3.27.1\" width=\"10%\" module_alignment=\"center\" global_module=\"128\" saved_tabs=\"all\"][\/et_pb_divider][\/et_pb_column][\/et_pb_row][et_pb_row column_structure=\"1_4,1_4,1_4,1_4\" _builder_version=\"4.2.2\"][et_pb_column type=\"1_4\" _builder_version=\"3.27.1\"][et_pb_image src=\"https:\/\/www.ganes.cz\/wp-content\/uploads\/Certifikat-ISO-1.jpg\" alt=\"Certifik\u00e1t ISO\" show_in_lightbox=\"on\" _builder_version=\"4.2.2\" box_shadow_style=\"preset3\"][\/et_pb_image][\/et_pb_column][et_pb_column type=\"1_4\" _builder_version=\"3.27.1\"][et_pb_image src=\"https:\/\/www.ganes.cz\/wp-content\/uploads\/Certifikat-ISO-2.jpg\" alt=\"Certifik\u00e1t ISO\" show_in_lightbox=\"on\" _builder_version=\"4.2.2\" box_shadow_style=\"preset3\"][\/et_pb_image][\/et_pb_column][et_pb_column type=\"1_4\" _builder_version=\"3.27.1\"][et_pb_image src=\"https:\/\/www.ganes.cz\/wp-content\/uploads\/Certifikat-ISO-3.jpg\" alt=\"Certifik\u00e1t ISO\" show_in_lightbox=\"on\" _builder_version=\"4.2.2\" box_shadow_style=\"preset3\"][\/et_pb_image][\/et_pb_column][et_pb_column type=\"1_4\" _builder_version=\"3.27.1\"][et_pb_image src=\"https:\/\/www.ganes.cz\/wp-content\/uploads\/Certifikat-ISO-4.jpg\" alt=\"Certifik\u00e1t ISO\" show_in_lightbox=\"on\" _builder_version=\"4.2.2\" box_shadow_style=\"preset3\"][\/et_pb_image][\/et_pb_column][\/et_pb_row][et_pb_row _builder_version=\"4.0.2\"][et_pb_column type=\"4_4\" _builder_version=\"4.0.2\"][et_pb_text _builder_version=\"4.0.2\" text_orientation=\"center\" text_text_align=\"center\"]<\/p><p>Certifikov\u00e1no dle \u010cSN EN ISO 9001:2016 a \u010cSN EN ISO 14001:2016.<\/p><p>[\/et_pb_text][\/et_pb_column][\/et_pb_row][\/et_pb_section][et_pb_section fb_built=\"1\" _builder_version=\"3.27.1\"][et_pb_row _builder_version=\"3.27.1\"][et_pb_column type=\"4_4\" _builder_version=\"3.27.1\"][et_pb_cta title=\"V\u0161eobecn\u00e9 obchodn\u00ed podm\u00ednky\" button_url=\"https:\/\/www.ganes.cz\/wp-content\/uploads\/ganes-s-r-o--vseobecne-obchodni-podminky.pdf\" url_new_window=\"on\" button_text=\"St\u00e1hnout\" _builder_version=\"4.0.2\" background_color=\"rgba(0,0,0,0.03)\" background_enable_image=\"off\" custom_button=\"on\" button_text_color=\"#ffffff\" button_bg_color=\"#5e9e4e\" button_border_color=\"#5e9e4e\" background_layout=\"light\" box_shadow_style_button=\"preset3\"]<\/p><p>Ke sta\u017een\u00ed v PDF.<\/p><p>[\/et_pb_cta][\/et_pb_column][\/et_pb_row][\/et_pb_section]<\/p>","_et_gb_content_width":"","footnotes":""},"class_list":["post-10927","page","type-page","status-publish","hentry"],"_links":{"self":[{"href":"https:\/\/www.ganes.cz\/pl\/wp-json\/wp\/v2\/pages\/10927","targetHints":{"allow":["GET"]}}],"collection":[{"href":"https:\/\/www.ganes.cz\/pl\/wp-json\/wp\/v2\/pages"}],"about":[{"href":"https:\/\/www.ganes.cz\/pl\/wp-json\/wp\/v2\/types\/page"}],"author":[{"embeddable":true,"href":"https:\/\/www.ganes.cz\/pl\/wp-json\/wp\/v2\/users\/1"}],"replies":[{"embeddable":true,"href":"https:\/\/www.ganes.cz\/pl\/wp-json\/wp\/v2\/comments?post=10927"}],"version-history":[{"count":1,"href":"https:\/\/www.ganes.cz\/pl\/wp-json\/wp\/v2\/pages\/10927\/revisions"}],"predecessor-version":[{"id":12046,"href":"https:\/\/www.ganes.cz\/pl\/wp-json\/wp\/v2\/pages\/10927\/revisions\/12046"}],"wp:attachment":[{"href":"https:\/\/www.ganes.cz\/pl\/wp-json\/wp\/v2\/media?parent=10927"}],"curies":[{"name":"wp","href":"https:\/\/api.w.org\/{rel}","templated":true}]}}