{"id":10932,"date":"2020-02-23T12:45:02","date_gmt":"2020-02-23T11:45:02","guid":{"rendered":"https:\/\/www.ganes.cz\/?page_id=10932"},"modified":"2023-01-25T09:58:54","modified_gmt":"2023-01-25T08:58:54","slug":"kontakt","status":"publish","type":"page","link":"https:\/\/www.ganes.cz\/pl\/kontakt\/","title":{"rendered":"Kontakt"},"content":{"rendered":"<p>[et_pb_section fb_built=&#8221;1&#8243; fullwidth=&#8221;on&#8221; _builder_version=&#8221;4.16&#8243; global_colors_info=&#8221;{}&#8221;][et_pb_fullwidth_header title=&#8221;Kontakt&#8221; text_orientation=&#8221;center&#8221; _builder_version=&#8221;4.16&#8243; title_font=&#8221;|700||on|||||&#8221; title_font_size=&#8221;48px&#8221; content_font=&#8221;||||||||&#8221; subhead_font=&#8221;||||||||&#8221; subhead_font_size=&#8221;39px&#8221; background_color=&#8221;#ffffff&#8221; use_background_color_gradient=&#8221;on&#8221; background_color_gradient_type=&#8221;circular&#8221; background_color_gradient_stops=&#8221;rgba(0,0,0,0.32) 0%|rgba(33,0,6,0) 100%&#8221; background_color_gradient_overlays_image=&#8221;on&#8221; background_color_gradient_start=&#8221;rgba(0,0,0,0.32)&#8221; background_color_gradient_end=&#8221;rgba(33,0,6,0)&#8221; background_image=&#8221;https:\/\/www.ganes.cz\/wp-content\/uploads\/kontakt-01.jpg&#8221; custom_button_one=&#8221;on&#8221; button_one_text_color=&#8221;#ffffff&#8221; button_one_bg_color=&#8221;#5e9e4e&#8221; button_one_border_color=&#8221;#5e9e4e&#8221; button_one_font=&#8221;|||on|||||&#8221; custom_button_two=&#8221;on&#8221; button_two_text_color=&#8221;#5E9E4E&#8221; button_two_bg_color=&#8221;#ffffff&#8221; button_two_border_color=&#8221;#ffffff&#8221; button_two_font=&#8221;|||on|||||&#8221; custom_padding=&#8221;120px||120px||false|false&#8221; title_font_size_tablet=&#8221;&#8221; title_font_size_phone=&#8221;30px&#8221; title_font_size_last_edited=&#8221;on|phone&#8221; title_text_shadow_style=&#8221;preset2&#8243; content_text_shadow_style=&#8221;preset2&#8243; subhead_text_shadow_style=&#8221;preset2&#8243; global_colors_info=&#8221;{}&#8221;][\/et_pb_fullwidth_header][\/et_pb_section][et_pb_section fb_built=&#8221;1&#8243; _builder_version=&#8221;4.16&#8243; global_colors_info=&#8221;{}&#8221;][et_pb_row _builder_version=&#8221;4.16&#8243; global_colors_info=&#8221;{}&#8221;][et_pb_column type=&#8221;4_4&#8243; _builder_version=&#8221;4.16&#8243; global_colors_info=&#8221;{}&#8221;][et_pb_text _builder_version=&#8221;4.16&#8243; header_2_font=&#8221;|600||on|||||&#8221; background_size=&#8221;initial&#8221; background_position=&#8221;top_left&#8221; background_repeat=&#8221;repeat&#8221; text_orientation=&#8221;center&#8221; text_text_align=&#8221;center&#8221; global_colors_info=&#8221;{}&#8221;]<\/p>\n<h2>Siedziba sp\u00f3\u0142ki<\/h2>\n<p>[\/et_pb_text][et_pb_divider color=&#8221;#6DB457&#8243; divider_weight=&#8221;3px&#8221; _builder_version=&#8221;4.16&#8243; width=&#8221;10%&#8221; module_alignment=&#8221;center&#8221; saved_tabs=&#8221;all&#8221; global_colors_info=&#8221;{}&#8221;][\/et_pb_divider][\/et_pb_column][\/et_pb_row][et_pb_row column_structure=&#8221;1_2,1_2&#8243; _builder_version=&#8221;4.16&#8243; global_colors_info=&#8221;{}&#8221;][et_pb_column type=&#8221;1_2&#8243; _builder_version=&#8221;4.16&#8243; global_colors_info=&#8221;{}&#8221;][et_pb_text _builder_version=&#8221;4.16&#8243; global_colors_info=&#8221;{}&#8221;]<\/p>\n<p>GANES s.r.o.<br \/>Marie Majerov\u00e9 1152<br \/>584&nbsp;01 Lede\u010d nad S\u00e1zavou<br \/>Czech Republic<\/p>\n<p>REGO: 48171981, NIP: CZ48171981<\/p>\n<p>Tel.: +420&nbsp;569&nbsp;726&nbsp;039<br \/>E-mail: <a href=\"mailto:ganes@ganes.cz\">ganes@ganes.cz<\/a><br \/>Web: <a href=\"https:\/\/www.ganes.cz\">www.ganes.cz<\/a><\/p>\n<p><em>Sp\u00f3\u0142ka wpisana do RH prowadzonego przez S\u0105d krajowy w Hradcu Kralowej, oddzia\u0142 C wk\u0142ad 3900. Wpisana w dniu 11.02.1993 r.<\/em><\/p>\n<p>[\/et_pb_text][\/et_pb_column][et_pb_column type=&#8221;1_2&#8243; _builder_version=&#8221;4.16&#8243; global_colors_info=&#8221;{}&#8221;][et_pb_image src=&#8221;https:\/\/www.ganes.cz\/wp-content\/uploads\/kontakt-02.jpg&#8221; alt=&#8221;GANES s.r.o.&#8221; _builder_version=&#8221;4.16&#8243; global_colors_info=&#8221;{}&#8221;][\/et_pb_image][\/et_pb_column][\/et_pb_row][\/et_pb_section][et_pb_section fb_built=&#8221;1&#8243; _builder_version=&#8221;4.16&#8243; background_color=&#8221;rgba(0,0,0,0.02)&#8221; global_colors_info=&#8221;{}&#8221;][et_pb_row column_structure=&#8221;1_2,1_2&#8243; _builder_version=&#8221;4.16&#8243; global_colors_info=&#8221;{}&#8221;][et_pb_column type=&#8221;1_2&#8243; _builder_version=&#8221;4.16&#8243; global_colors_info=&#8221;{}&#8221;][et_pb_team_member name=&#8221;Ing. Zden\u011bk \u010cuchal&#8221; position=&#8221;Dostawy urz\u0105dze\u0144 do wyko\u0144czenia powierzchni&#8221; _builder_version=&#8221;4.16&#8243; header_level=&#8221;h3&#8243; header_font_size=&#8221;18px&#8221; global_colors_info=&#8221;{}&#8221;]Tel.: +420&nbsp;569&nbsp;713&nbsp;244<br \/>\nMob.: +420&nbsp;602&nbsp;116&nbsp;317<br \/>\nEmail: <a href=\"mailto:cuchal@ganes.cz\">cuchal@ganes.cz<\/a><br \/>\n[\/et_pb_team_member][\/et_pb_column][et_pb_column type=&#8221;1_2&#8243; _builder_version=&#8221;4.16&#8243; global_colors_info=&#8221;{}&#8221;][et_pb_team_member name=&#8221;So\u0148a Odv\u00e1rkov\u00e1&#8221; position=&#8221;Dostawy cz\u0119\u015bci zamiennych&#8221; _builder_version=&#8221;4.19.4&#8243; header_level=&#8221;h3&#8243; header_font_size=&#8221;18px&#8221; hover_enabled=&#8221;0&#8243; global_colors_info=&#8221;{}&#8221; sticky_enabled=&#8221;0&#8243; locked=&#8221;off&#8221;]<\/p>\n<p>Tel.: +420&nbsp;569&nbsp;713&nbsp;240<br \/>Mob.: +420&nbsp;606\u00a0729\u00a0062<br \/>Email:\u00a0<a href=\"mailto:obchod@ganes.cz\">obchod@ganes.cz<\/a><\/p>\n<p>[\/et_pb_team_member][\/et_pb_column][\/et_pb_row][et_pb_row column_structure=&#8221;1_2,1_2&#8243; _builder_version=&#8221;4.16&#8243; global_colors_info=&#8221;{}&#8221;][et_pb_column type=&#8221;1_2&#8243; _builder_version=&#8221;4.16&#8243; global_colors_info=&#8221;{}&#8221;][et_pb_team_member name=&#8221;Ing. Bernhard Gampe&#8221; position=&#8221;Dostawy pomp&#8221; _builder_version=&#8221;4.16&#8243; header_level=&#8221;h3&#8243; header_font_size=&#8221;18px&#8221; custom_padding=&#8221;||1px|||&#8221; global_colors_info=&#8221;{}&#8221;]Tel.: +420&nbsp;569&nbsp;713&nbsp;242<br \/>\nMob: +420&nbsp;602&nbsp;387&nbsp;246<br \/>\nEmail: <a href=\"mailto:gampe@ganes.cz\">gampe@ganes.cz<\/a><br \/>\n[\/et_pb_team_member][\/et_pb_column][et_pb_column type=&#8221;1_2&#8243; _builder_version=&#8221;4.16&#8243; global_colors_info=&#8221;{}&#8221;][et_pb_team_member name=&#8221;Ivo Gampe&#8221; position=&#8221;Dostawy do gospodarki wi\u00f3rowej&#8221; _builder_version=&#8221;4.16&#8243; header_level=&#8221;h3&#8243; header_font_size=&#8221;18px&#8221; custom_padding=&#8221;||1px|||&#8221; global_colors_info=&#8221;{}&#8221;]Tel.: +420&nbsp;569&nbsp;721&nbsp;039<br \/>\nMob: +420&nbsp;723&nbsp;101&nbsp;577<br \/>\nEmail: <a href=\"mailto:igampe@ganes.cz\">igampe@ganes.cz<\/a><br \/>\n[\/et_pb_team_member][\/et_pb_column][\/et_pb_row][\/et_pb_section][et_pb_section fb_built=&#8221;1&#8243; fullwidth=&#8221;on&#8221; _builder_version=&#8221;4.16&#8243; global_colors_info=&#8221;{}&#8221;][et_pb_fullwidth_code _builder_version=&#8221;4.17.4&#8243; _module_preset=&#8221;default&#8221; global_colors_info=&#8221;{}&#8221;]<iframe src=\"https:\/\/www.google.com\/maps\/embed?pb=!1m14!1m8!1m3!1d10322.156189773423!2d15.2747986!3d49.7006527!3m2!1i1024!2i768!4f13.1!3m3!1m2!1s0x0%3A0xa1099aa6b4a5c211!2zR2FsdmFuaWthLCB0xZnDrXNrb3bDoSBob3Nwb2TDocWZc3R2w60gLSBHQU5FUywgcy5yLm8u!5e0!3m2!1scs!2scz!4v1657089492776!5m2!1scs!2scz\" width=\"100%\" height=\"450\" style=\"border:0;\" allowfullscreen=\"\" loading=\"lazy\" referrerpolicy=\"no-referrer-when-downgrade\"><\/iframe>[\/et_pb_fullwidth_code][\/et_pb_section][et_pb_section fb_built=&#8221;1&#8243; admin_label=&#8221;PL&#8221; _builder_version=&#8221;4.4.0&#8243; background_color=&#8221;#5E9E4E&#8221; global_module=&#8221;629&#8243; saved_tabs=&#8221;all&#8221; global_colors_info=&#8221;{}&#8221;][et_pb_row column_structure=&#8221;1_4,3_4&#8243; _builder_version=&#8221;4.16&#8243; global_colors_info=&#8221;{}&#8221;][et_pb_column type=&#8221;1_4&#8243; _builder_version=&#8221;4.16&#8243; custom_padding=&#8221;|||&#8221; global_colors_info=&#8221;{}&#8221; custom_padding__hover=&#8221;|||&#8221;][et_pb_text _builder_version=&#8221;4.16&#8243; link_font=&#8221;||||on|||#ffffff|&#8221; link_text_color=&#8221;#ffffff&#8221; background_layout=&#8221;dark&#8221; global_colors_info=&#8221;{}&#8221;]<img loading=\"lazy\" decoding=\"async\" class=\"wp-image-10033 alignnone size-full\" src=\"https:\/\/www.ganes.cz\/wp-content\/uploads\/logo-32.png\" alt=\"\" width=\"225\" height=\"32\" \/><\/p>\n<p>GANES s.r.o.<br \/>\nMarie Majerov\u00e9 1152<br \/>\n584&nbsp;01 Lede\u010d nad S\u00e1zavou<br \/>\nTschechische Republik<\/p>\n<p>REGO: 48171981<br \/>\nNIP: CZ48171981<\/p>\n<p>Phone: +420&nbsp;569&nbsp;726&nbsp;039<br \/>\nPhone: +420&nbsp;569&nbsp;713&nbsp;241<\/p>\n<p>E-mail: <a href=\"mailto:ganes@ganes.cz\">ganes@ganes.cz<\/a><br \/>\nWeb: <a href=\"https:\/\/www.ganes.cz\">www.ganes.cz<\/a>[\/et_pb_text][\/et_pb_column][et_pb_column type=&#8221;3_4&#8243; _builder_version=&#8221;4.16&#8243; custom_padding=&#8221;|||&#8221; global_colors_info=&#8221;{}&#8221; custom_padding__hover=&#8221;|||&#8221;][et_pb_text _builder_version=&#8221;4.16&#8243; text_text_color=&#8221;#ffffff&#8221; header_2_font=&#8221;|600||on|||||&#8221; text_orientation=&#8221;center&#8221; background_layout=&#8221;dark&#8221; text_text_align=&#8221;center&#8221; global_colors_info=&#8221;{}&#8221;]<\/p>\n<h2>Napisz do nas<\/h2>\n<p>[\/et_pb_text][et_pb_divider color=&#8221;#ffffff&#8221; divider_weight=&#8221;3px&#8221; _builder_version=&#8221;4.16&#8243; width=&#8221;10%&#8221; module_alignment=&#8221;center&#8221; global_colors_info=&#8221;{}&#8221;][\/et_pb_divider][et_pb_contact_form captcha=&#8221;off&#8221; email=&#8221;ganes@ganes.cz&#8221; _builder_version=&#8221;4.16&#8243; _unique_id=&#8221;b237aa10-9189-4e96-aa6e-e235b5f16ad0&#8243; title_level=&#8221;h2&#8243; title_font=&#8221;||||||||&#8221; title_text_align=&#8221;center&#8221; title_text_color=&#8221;#ffffff&#8221; title_font_size=&#8221;42px&#8221; form_field_font=&#8221;||||||||&#8221; form_field_font_size=&#8221;17px&#8221; custom_button=&#8221;on&#8221; button_bg_color=&#8221;#ffffff&#8221; button_border_color=&#8221;#ffffff&#8221; button_text_size_last_edited=&#8221;off|desktop&#8221; box_shadow_style_button=&#8221;preset3&#8243; global_colors_info=&#8221;{}&#8221; button_text_color__hover_enabled=&#8221;on|desktop&#8221;][et_pb_contact_field field_id=&#8221;Name&#8221; field_title=&#8221;Imi\u0119 i nazwisko&#8221; _builder_version=&#8221;4.16&#8243; global_colors_info=&#8221;{}&#8221; button_text_size__hover_enabled=&#8221;off&#8221; button_one_text_size__hover_enabled=&#8221;off&#8221; button_two_text_size__hover_enabled=&#8221;off&#8221; button_text_color__hover_enabled=&#8221;off&#8221; button_one_text_color__hover_enabled=&#8221;off&#8221; button_two_text_color__hover_enabled=&#8221;off&#8221; button_border_width__hover_enabled=&#8221;off&#8221; button_one_border_width__hover_enabled=&#8221;off&#8221; button_two_border_width__hover_enabled=&#8221;off&#8221; button_border_color__hover_enabled=&#8221;off&#8221; button_one_border_color__hover_enabled=&#8221;off&#8221; button_two_border_color__hover_enabled=&#8221;off&#8221; button_border_radius__hover_enabled=&#8221;off&#8221; button_one_border_radius__hover_enabled=&#8221;off&#8221; button_two_border_radius__hover_enabled=&#8221;off&#8221; button_letter_spacing__hover_enabled=&#8221;off&#8221; button_one_letter_spacing__hover_enabled=&#8221;off&#8221; button_two_letter_spacing__hover_enabled=&#8221;off&#8221; button_bg_color__hover_enabled=&#8221;off&#8221; button_one_bg_color__hover_enabled=&#8221;off&#8221; button_two_bg_color__hover_enabled=&#8221;off&#8221;][\/et_pb_contact_field][et_pb_contact_field field_id=&#8221;Email&#8221; field_title=&#8221;E-mail&#8221; field_type=&#8221;email&#8221; _builder_version=&#8221;4.16&#8243; global_colors_info=&#8221;{}&#8221; button_text_size__hover_enabled=&#8221;off&#8221; button_one_text_size__hover_enabled=&#8221;off&#8221; button_two_text_size__hover_enabled=&#8221;off&#8221; button_text_color__hover_enabled=&#8221;off&#8221; button_one_text_color__hover_enabled=&#8221;off&#8221; button_two_text_color__hover_enabled=&#8221;off&#8221; button_border_width__hover_enabled=&#8221;off&#8221; button_one_border_width__hover_enabled=&#8221;off&#8221; button_two_border_width__hover_enabled=&#8221;off&#8221; button_border_color__hover_enabled=&#8221;off&#8221; button_one_border_color__hover_enabled=&#8221;off&#8221; button_two_border_color__hover_enabled=&#8221;off&#8221; button_border_radius__hover_enabled=&#8221;off&#8221; button_one_border_radius__hover_enabled=&#8221;off&#8221; button_two_border_radius__hover_enabled=&#8221;off&#8221; button_letter_spacing__hover_enabled=&#8221;off&#8221; button_one_letter_spacing__hover_enabled=&#8221;off&#8221; button_two_letter_spacing__hover_enabled=&#8221;off&#8221; button_bg_color__hover_enabled=&#8221;off&#8221; button_one_bg_color__hover_enabled=&#8221;off&#8221; button_two_bg_color__hover_enabled=&#8221;off&#8221;][\/et_pb_contact_field][et_pb_contact_field field_id=&#8221;Message&#8221; field_title=&#8221;Wiadomo\u015b\u0107&#8221; field_type=&#8221;text&#8221; fullwidth_field=&#8221;on&#8221; _builder_version=&#8221;4.16&#8243; global_colors_info=&#8221;{}&#8221; button_text_size__hover_enabled=&#8221;off&#8221; button_one_text_size__hover_enabled=&#8221;off&#8221; button_two_text_size__hover_enabled=&#8221;off&#8221; button_text_color__hover_enabled=&#8221;off&#8221; button_one_text_color__hover_enabled=&#8221;off&#8221; button_two_text_color__hover_enabled=&#8221;off&#8221; button_border_width__hover_enabled=&#8221;off&#8221; button_one_border_width__hover_enabled=&#8221;off&#8221; button_two_border_width__hover_enabled=&#8221;off&#8221; button_border_color__hover_enabled=&#8221;off&#8221; button_one_border_color__hover_enabled=&#8221;off&#8221; button_two_border_color__hover_enabled=&#8221;off&#8221; button_border_radius__hover_enabled=&#8221;off&#8221; button_one_border_radius__hover_enabled=&#8221;off&#8221; button_two_border_radius__hover_enabled=&#8221;off&#8221; button_letter_spacing__hover_enabled=&#8221;off&#8221; button_one_letter_spacing__hover_enabled=&#8221;off&#8221; button_two_letter_spacing__hover_enabled=&#8221;off&#8221; button_bg_color__hover_enabled=&#8221;off&#8221; button_one_bg_color__hover_enabled=&#8221;off&#8221; button_two_bg_color__hover_enabled=&#8221;off&#8221;][\/et_pb_contact_field][\/et_pb_contact_form][\/et_pb_column][\/et_pb_row][\/et_pb_section]<\/p>\n","protected":false},"excerpt":{"rendered":"<p>Siedziba sp\u00f3\u0142kiGANES s.r.o.Marie Majerov\u00e9 1152584&nbsp;01 Lede\u010d nad S\u00e1zavouCzech Republic REGO: 48171981, NIP: CZ48171981 Tel.: +420&nbsp;569&nbsp;726&nbsp;039E-mail: ganes@ganes.czWeb: www.ganes.cz Sp\u00f3\u0142ka wpisana do RH prowadzonego przez S\u0105d krajowy w Hradcu Kralowej, oddzia\u0142 C wk\u0142ad 3900. Wpisana w dniu 11.02.1993 r.Tel.: +420&nbsp;569&nbsp;713&nbsp;244 Mob.: +420&nbsp;602&nbsp;116&nbsp;317 Email: cuchal@ganes.cz Tel.: +420&nbsp;569 [&hellip;]<\/p>\n","protected":false},"author":1,"featured_media":0,"parent":0,"menu_order":0,"comment_status":"closed","ping_status":"closed","template":"","meta":{"_et_pb_use_builder":"on","_et_pb_old_content":"<p>[et_pb_section fb_built=\"1\" fullwidth=\"on\" _builder_version=\"3.27.2\"][et_pb_fullwidth_header title=\"Kontakt\" text_orientation=\"center\" _builder_version=\"4.2.2\" title_font=\"|700||on|||||\" title_font_size=\"48px\" content_font=\"||||||||\" subhead_font=\"||||||||\" subhead_font_size=\"39px\" background_color=\"#ffffff\" use_background_color_gradient=\"on\" background_color_gradient_start=\"rgba(0,0,0,0.32)\" background_color_gradient_end=\"rgba(33,0,6,0)\" background_color_gradient_type=\"radial\" background_color_gradient_overlays_image=\"on\" background_image=\"https:\/\/www.ganes.cz\/wp-content\/uploads\/kontakt-01.jpg\" custom_button_one=\"on\" button_one_text_color=\"#ffffff\" button_one_bg_color=\"#5e9e4e\" button_one_border_color=\"#5e9e4e\" button_one_font=\"|||on|||||\" custom_button_two=\"on\" button_two_text_color=\"#5E9E4E\" button_two_bg_color=\"#ffffff\" button_two_border_color=\"#ffffff\" button_two_font=\"|||on|||||\" custom_padding=\"120px||120px||false|false\" hover_enabled=\"0\" title_text_shadow_style=\"preset2\" content_text_shadow_style=\"preset2\" subhead_text_shadow_style=\"preset2\" title_font_size_last_edited=\"on|phone\" title_font_size_phone=\"30px\"][\/et_pb_fullwidth_header][\/et_pb_section][et_pb_section fb_built=\"1\" _builder_version=\"3.27.1\"][et_pb_row _builder_version=\"3.27.2\"][et_pb_column type=\"4_4\" _builder_version=\"3.27.2\"][et_pb_text _builder_version=\"3.27.4\" header_2_font=\"|600||on|||||\" background_size=\"initial\" background_position=\"top_left\" background_repeat=\"repeat\" text_orientation=\"center\" text_text_align=\"center\"]<\/p><h2>S\u00eddlo spole\u010dnosti<\/h2><p>[\/et_pb_text][et_pb_divider color=\"#6DB457\" divider_weight=\"3px\" _builder_version=\"3.27.1\" width=\"10%\" module_alignment=\"center\" global_module=\"128\" saved_tabs=\"all\"][\/et_pb_divider][\/et_pb_column][\/et_pb_row][et_pb_row column_structure=\"1_2,1_2\" _builder_version=\"3.27.2\"][et_pb_column type=\"1_2\" _builder_version=\"3.27.2\"][et_pb_text _builder_version=\"4.2.2\"]<\/p><p>GANES s.r.o.<br \/>Marie Majerov\u00e9 1152<br \/>584 01 Lede\u010d nad S\u00e1zavou<br \/>Czech Republic<\/p><p>I\u010c: 48171981,\u00a0DI\u010c: CZ48171981<\/p><p>Tel.: +420 569 726 039<br \/>Email: <a href=\"mailto:ganes@ganes.cz\">ganes@ganes.cz<\/a><br \/>Web: <a href=\"https:\/\/www.ganes.cz\">www.ganes.cz<\/a><\/p><p><em>Spole\u010dnost je zaps\u00e1na v OR veden\u00e9m Krajsk\u00fdm soudem v Hradci Kr\u00e1lov\u00e9, odd\u00edl C vlo\u017eka 3900. Zaps\u00e1na dne 11.02.1993.<\/em><\/p><p>[\/et_pb_text][\/et_pb_column][et_pb_column type=\"1_2\" _builder_version=\"3.27.2\"][et_pb_image src=\"https:\/\/www.ganes.cz\/wp-content\/uploads\/kontakt-02.jpg\" alt=\"GANES s.r.o.\" _builder_version=\"4.2.2\"][\/et_pb_image][\/et_pb_column][\/et_pb_row][\/et_pb_section][et_pb_section fb_built=\"1\" _builder_version=\"3.27.2\" background_color=\"rgba(0,0,0,0.02)\"][et_pb_row column_structure=\"1_2,1_2\" _builder_version=\"3.27.2\"][et_pb_column type=\"1_2\" _builder_version=\"3.27.2\"][et_pb_team_member name=\"Ing. Zden\u011bk \u010cuchal\" position=\"Dod\u00e1vky za\u0159\u00edzen\u00ed pro povrchov\u00e9 \u00fapravy\" _builder_version=\"4.1\" header_level=\"h3\" header_font_size=\"18px\"]<\/p><p>Tel.: +420 569 713 244<br \/>Mob.: +420 602 116 317<br \/>Email: <a href=\"mailto:cuchal@ganes.cz\">cuchal@ganes.cz<\/a><\/p><p>[\/et_pb_team_member][\/et_pb_column][et_pb_column type=\"1_2\" _builder_version=\"3.27.2\"][et_pb_team_member name=\"Ing. Ivana Samohelov\u00e1\" position=\"Dod\u00e1vky n\u00e1hradn\u00edch d\u00edl\u016f\" _builder_version=\"4.1\" header_level=\"h3\" header_font_size=\"18px\"]<\/p><p><span style=\"font-size: 16px;\">Tel.: +420 569 713 240<br \/><\/span>Mob.: +420 602 264 676<br \/>Email:\u00a0<a href=\"mailto:samohelova@ganes.cz\">samohelova@ganes.cz<\/a><\/p><p>[\/et_pb_team_member][\/et_pb_column][\/et_pb_row][et_pb_row column_structure=\"1_2,1_2\" _builder_version=\"3.27.2\"][et_pb_column type=\"1_2\" _builder_version=\"3.27.2\"][et_pb_team_member name=\"Ing. Bernhard Gampe\" position=\"Dod\u00e1vky \u010derpadel\" _builder_version=\"4.1\" header_level=\"h3\" header_font_size=\"18px\" custom_padding=\"||1px|||\"]<\/p><p>Tel.: +420 569 713 242<br \/>Mob: +420 602 387 246<br \/>Email: <a href=\"mailto:gampe@ganes.cz\">gampe@ganes.cz<\/a><\/p><p>[\/et_pb_team_member][\/et_pb_column][et_pb_column type=\"1_2\" _builder_version=\"3.27.2\"][et_pb_team_member name=\"Ivo Gampe\" position=\"Dod\u00e1vky pro t\u0159\u00edskov\u00e1 hospod\u00e1\u0159stv\u00ed\" _builder_version=\"4.1\" header_level=\"h3\" header_font_size=\"18px\" custom_padding=\"||1px|||\"]<\/p><p>Tel.: +420 569 721 039<br \/>Mob: +420 723 101 577<br \/>Email: <a href=\"mailto:igampe@ganes.cz\">igampe@ganes.cz<\/a><\/p><p>[\/et_pb_team_member][\/et_pb_column][\/et_pb_row][\/et_pb_section][et_pb_section fb_built=\"1\" fullwidth=\"on\" _builder_version=\"3.22\" global_module=\"9637\"][et_pb_fullwidth_map address=\"M. Majerov\u00e9 1152, 584 01 Lede\u010d nad S\u00e1zavou, \u010cesko\" zoom_level=\"9\" address_lat=\"49.7006713\" address_lng=\"15.2748215\" mouse_wheel=\"off\" mobile_dragging=\"off\" _builder_version=\"4.1\"][et_pb_map_pin title=\"S\u00eddlo firmy\" pin_address=\"M. Majerov\u00e9 1152, 584 01 Lede\u010d nad S\u00e1zavou, \u010cesko\" pin_address_lat=\"49.7006713\" pin_address_lng=\"15.2748215\" _builder_version=\"4.1\"]<\/p><p><img class=\"wp-image-9558 alignnone \" src=\"https:\/\/www.ganes.cz\/wp-content\/uploads\/logo-56-320x45.png\" alt=\"\" width=\"279\" height=\"40\" \/><\/p><p>Marie Majerov\u00e9 1152<br \/>584 01 Lede\u010d nad S\u00e1zavou<br \/>Czech Republic<\/p><p>I\u010c: 48171981,\u00a0DI\u010c: CZ48171981<\/p><p>Email:\u00a0<a href=\"mailto:ganes@ganes.cz\">ganes@ganes.cz<\/a><br \/>Web:\u00a0<a href=\"https:\/\/www.ganes.cz\/\">www.ganes.cz<\/a><\/p><p>[\/et_pb_map_pin][\/et_pb_fullwidth_map][\/et_pb_section][et_pb_section fb_built=\"1\" _builder_version=\"3.27.1\" background_color=\"#5E9E4E\" global_module=\"629\" saved_tabs=\"all\"][et_pb_row column_structure=\"1_4,3_4\" _builder_version=\"4.1\"][et_pb_column type=\"1_4\" _builder_version=\"3.25\" custom_padding=\"|||\" custom_padding__hover=\"|||\"][et_pb_text _builder_version=\"4.2.2\" link_font=\"||||on|||#ffffff|\" link_text_color=\"#ffffff\" background_layout=\"dark\"]<\/p><p><img class=\"wp-image-10033 alignnone size-full\" src=\"https:\/\/www.ganes.cz\/wp-content\/uploads\/logo-32.png\" alt=\"\" width=\"225\" height=\"32\" \/><\/p><p>GANES s.r.o.<br \/>Marie Majerov\u00e9 1152<br \/>584 01 Lede\u010d nad S\u00e1zavou<br \/>Czech Republic<\/p><p>I\u010c: 48171981<br \/>DI\u010c: CZ48171981<\/p><p>Tel.: +420 569 726 039<br \/>Tel.: +420 569 713 241<\/p><p>Email: <a href=\"mailto:ganes@ganes.cz\">ganes@ganes.cz<\/a><br \/>Web: <a href=\"https:\/\/www.ganes.cz\">www.ganes.cz<\/a><\/p><p>[\/et_pb_text][\/et_pb_column][et_pb_column type=\"3_4\" _builder_version=\"3.25\" custom_padding=\"|||\" custom_padding__hover=\"|||\"][et_pb_text _builder_version=\"3.27.4\" text_text_color=\"#ffffff\" header_2_font=\"|600||on|||||\" text_orientation=\"center\" background_layout=\"dark\" text_text_align=\"center\"]<\/p><h2>Napi\u0161te n\u00e1m<\/h2><p>[\/et_pb_text][et_pb_divider color=\"#ffffff\" divider_weight=\"3px\" _builder_version=\"3.26.1\" width=\"10%\" module_alignment=\"center\"][\/et_pb_divider][et_pb_contact_form captcha=\"off\" email=\"ganes@ganes.cz\" _builder_version=\"4.1\" title_level=\"h2\" title_font=\"||||||||\" title_text_align=\"center\" title_text_color=\"#ffffff\" title_font_size=\"42px\" form_field_font=\"||||||||\" form_field_font_size=\"17px\" custom_button=\"on\" button_bg_color=\"#ffffff\" button_border_color=\"#ffffff\" button_text_size_last_edited=\"off|desktop\" box_shadow_style_button=\"preset3\" button_text_color__hover_enabled=\"on|desktop\"][et_pb_contact_field field_id=\"Name\" field_title=\"Jm\u00e9no\" _builder_version=\"3.16\" button_text_size__hover_enabled=\"off\" button_one_text_size__hover_enabled=\"off\" button_two_text_size__hover_enabled=\"off\" button_text_color__hover_enabled=\"off\" button_one_text_color__hover_enabled=\"off\" button_two_text_color__hover_enabled=\"off\" button_border_width__hover_enabled=\"off\" button_one_border_width__hover_enabled=\"off\" button_two_border_width__hover_enabled=\"off\" button_border_color__hover_enabled=\"off\" button_one_border_color__hover_enabled=\"off\" button_two_border_color__hover_enabled=\"off\" button_border_radius__hover_enabled=\"off\" button_one_border_radius__hover_enabled=\"off\" button_two_border_radius__hover_enabled=\"off\" button_letter_spacing__hover_enabled=\"off\" button_one_letter_spacing__hover_enabled=\"off\" button_two_letter_spacing__hover_enabled=\"off\" button_bg_color__hover_enabled=\"off\" button_one_bg_color__hover_enabled=\"off\" button_two_bg_color__hover_enabled=\"off\"][\/et_pb_contact_field][et_pb_contact_field field_id=\"Email\" field_title=\"Email\" field_type=\"email\" _builder_version=\"3.27.1\" button_text_size__hover_enabled=\"off\" button_one_text_size__hover_enabled=\"off\" button_two_text_size__hover_enabled=\"off\" button_text_color__hover_enabled=\"off\" button_one_text_color__hover_enabled=\"off\" button_two_text_color__hover_enabled=\"off\" button_border_width__hover_enabled=\"off\" button_one_border_width__hover_enabled=\"off\" button_two_border_width__hover_enabled=\"off\" button_border_color__hover_enabled=\"off\" button_one_border_color__hover_enabled=\"off\" button_two_border_color__hover_enabled=\"off\" button_border_radius__hover_enabled=\"off\" button_one_border_radius__hover_enabled=\"off\" button_two_border_radius__hover_enabled=\"off\" button_letter_spacing__hover_enabled=\"off\" button_one_letter_spacing__hover_enabled=\"off\" button_two_letter_spacing__hover_enabled=\"off\" button_bg_color__hover_enabled=\"off\" button_one_bg_color__hover_enabled=\"off\" button_two_bg_color__hover_enabled=\"off\"][\/et_pb_contact_field][et_pb_contact_field field_id=\"Message\" field_title=\"Zpr\u00e1va\" field_type=\"text\" fullwidth_field=\"on\" _builder_version=\"3.16\" button_text_size__hover_enabled=\"off\" button_one_text_size__hover_enabled=\"off\" button_two_text_size__hover_enabled=\"off\" button_text_color__hover_enabled=\"off\" button_one_text_color__hover_enabled=\"off\" button_two_text_color__hover_enabled=\"off\" button_border_width__hover_enabled=\"off\" button_one_border_width__hover_enabled=\"off\" button_two_border_width__hover_enabled=\"off\" button_border_color__hover_enabled=\"off\" button_one_border_color__hover_enabled=\"off\" button_two_border_color__hover_enabled=\"off\" button_border_radius__hover_enabled=\"off\" button_one_border_radius__hover_enabled=\"off\" button_two_border_radius__hover_enabled=\"off\" button_letter_spacing__hover_enabled=\"off\" button_one_letter_spacing__hover_enabled=\"off\" button_two_letter_spacing__hover_enabled=\"off\" button_bg_color__hover_enabled=\"off\" button_one_bg_color__hover_enabled=\"off\" button_two_bg_color__hover_enabled=\"off\"][\/et_pb_contact_field][\/et_pb_contact_form][\/et_pb_column][\/et_pb_row][\/et_pb_section]<\/p>","_et_gb_content_width":"","footnotes":""},"class_list":["post-10932","page","type-page","status-publish","hentry"],"_links":{"self":[{"href":"https:\/\/www.ganes.cz\/pl\/wp-json\/wp\/v2\/pages\/10932","targetHints":{"allow":["GET"]}}],"collection":[{"href":"https:\/\/www.ganes.cz\/pl\/wp-json\/wp\/v2\/pages"}],"about":[{"href":"https:\/\/www.ganes.cz\/pl\/wp-json\/wp\/v2\/types\/page"}],"author":[{"embeddable":true,"href":"https:\/\/www.ganes.cz\/pl\/wp-json\/wp\/v2\/users\/1"}],"replies":[{"embeddable":true,"href":"https:\/\/www.ganes.cz\/pl\/wp-json\/wp\/v2\/comments?post=10932"}],"version-history":[{"count":2,"href":"https:\/\/www.ganes.cz\/pl\/wp-json\/wp\/v2\/pages\/10932\/revisions"}],"predecessor-version":[{"id":11834,"href":"https:\/\/www.ganes.cz\/pl\/wp-json\/wp\/v2\/pages\/10932\/revisions\/11834"}],"wp:attachment":[{"href":"https:\/\/www.ganes.cz\/pl\/wp-json\/wp\/v2\/media?parent=10932"}],"curies":[{"name":"wp","href":"https:\/\/api.w.org\/{rel}","templated":true}]}}