{"id":10975,"date":"2020-02-23T12:54:00","date_gmt":"2020-02-23T11:54:00","guid":{"rendered":"https:\/\/www.ganes.cz\/?page_id=10975"},"modified":"2025-04-08T10:46:02","modified_gmt":"2025-04-08T08:46:02","slug":"%d1%80%d0%b5%d1%84%d0%b5%d1%80%d0%b5%d0%bd%d1%86%d0%b8%d0%b8","status":"publish","type":"page","link":"https:\/\/www.ganes.cz\/ru\/%d1%80%d0%b5%d1%84%d0%b5%d1%80%d0%b5%d0%bd%d1%86%d0%b8%d0%b8\/","title":{"rendered":"\u0420\u0435\u0444\u0435\u0440\u0435\u043d\u0446\u0438\u0438"},"content":{"rendered":"<p>[et_pb_section fb_built=&#187;1&#8243; _builder_version=&#187;4.16&#8243; global_colors_info=&#187;{}&#187;][et_pb_row _builder_version=&#187;4.16&#8243; background_size=&#187;initial&#187; background_position=&#187;top_left&#187; background_repeat=&#187;repeat&#187; global_colors_info=&#187;{}&#187;][et_pb_column type=&#187;4_4&#8243; _builder_version=&#187;4.16&#8243; custom_padding=&#187;|||&#187; global_colors_info=&#187;{}&#187; custom_padding__hover=&#187;|||&#187;][et_pb_text _builder_version=&#187;4.16&#8243; header_font=&#187;|600||on|||||&#187; background_size=&#187;initial&#187; background_position=&#187;top_left&#187; background_repeat=&#187;repeat&#187; text_orientation=&#187;center&#187; text_text_align=&#187;center&#187; global_colors_info=&#187;{}&#187;]<\/p>\n<h1>\u0420\u0435\u0444\u0435\u0440\u0435\u043d\u0446\u0438\u0438<\/h1>\n<p>[\/et_pb_text][et_pb_divider color=&#187;#6DB457&#8243; divider_weight=&#187;3px&#187; _builder_version=&#187;4.16&#8243; width=&#187;10%&#187; module_alignment=&#187;center&#187; saved_tabs=&#187;all&#187; global_colors_info=&#187;{}&#187;][\/et_pb_divider][\/et_pb_column][\/et_pb_row][et_pb_row column_structure=&#187;1_5,1_5,1_5,1_5,1_5&#8243; _builder_version=&#187;4.16&#8243; global_colors_info=&#187;{}&#187;][et_pb_column type=&#187;1_5&#8243; _builder_version=&#187;4.16&#8243; global_colors_info=&#187;{}&#187;][et_pb_image src=&#187;https:\/\/www.ganes.cz\/wp-content\/uploads\/logo-01.png&#187; _builder_version=&#187;4.16&#8243; box_shadow_style=&#187;preset3&#8243; global_colors_info=&#187;{}&#187;][\/et_pb_image][et_pb_image src=&#187;https:\/\/www.ganes.cz\/wp-content\/uploads\/logo-06.png&#187; _builder_version=&#187;4.16&#8243; box_shadow_style=&#187;preset3&#8243; global_colors_info=&#187;{}&#187;][\/et_pb_image][et_pb_image src=&#187;https:\/\/www.ganes.cz\/wp-content\/uploads\/logo-11.png&#187; _builder_version=&#187;4.16&#8243; box_shadow_style=&#187;preset3&#8243; global_colors_info=&#187;{}&#187;][\/et_pb_image][et_pb_image src=&#187;https:\/\/www.ganes.cz\/wp-content\/uploads\/logo-16.png&#187; _builder_version=&#187;4.16&#8243; box_shadow_style=&#187;preset3&#8243; global_colors_info=&#187;{}&#187;][\/et_pb_image][\/et_pb_column][et_pb_column type=&#187;1_5&#8243; _builder_version=&#187;4.16&#8243; global_colors_info=&#187;{}&#187;][et_pb_image src=&#187;https:\/\/www.ganes.cz\/wp-content\/uploads\/logo-02.jpg&#187; _builder_version=&#187;4.16&#8243; box_shadow_style=&#187;preset3&#8243; global_colors_info=&#187;{}&#187;][\/et_pb_image][et_pb_image src=&#187;https:\/\/www.ganes.cz\/wp-content\/uploads\/logo-07.png&#187; _builder_version=&#187;4.16&#8243; box_shadow_style=&#187;preset3&#8243; global_colors_info=&#187;{}&#187;][\/et_pb_image][et_pb_image src=&#187;https:\/\/www.ganes.cz\/wp-content\/uploads\/logo-12.png&#187; _builder_version=&#187;4.16&#8243; box_shadow_style=&#187;preset3&#8243; global_colors_info=&#187;{}&#187;][\/et_pb_image][et_pb_image src=&#187;https:\/\/www.ganes.cz\/wp-content\/uploads\/logo-17.png&#187; _builder_version=&#187;4.16&#8243; box_shadow_style=&#187;preset3&#8243; global_colors_info=&#187;{}&#187;][\/et_pb_image][\/et_pb_column][et_pb_column type=&#187;1_5&#8243; _builder_version=&#187;4.16&#8243; global_colors_info=&#187;{}&#187;][et_pb_image src=&#187;https:\/\/www.ganes.cz\/wp-content\/uploads\/logo-03.png&#187; _builder_version=&#187;4.16&#8243; box_shadow_style=&#187;preset3&#8243; global_colors_info=&#187;{}&#187;][\/et_pb_image][et_pb_image src=&#187;https:\/\/www.ganes.cz\/wp-content\/uploads\/logo-08.png&#187; _builder_version=&#187;4.16&#8243; box_shadow_style=&#187;preset3&#8243; global_colors_info=&#187;{}&#187;][\/et_pb_image][et_pb_image src=&#187;https:\/\/www.ganes.cz\/wp-content\/uploads\/logo-13.jpg&#187; _builder_version=&#187;4.16&#8243; box_shadow_style=&#187;preset3&#8243; global_colors_info=&#187;{}&#187;][\/et_pb_image][et_pb_image src=&#187;https:\/\/www.ganes.cz\/wp-content\/uploads\/logo-18.png&#187; _builder_version=&#187;4.16&#8243; box_shadow_style=&#187;preset3&#8243; global_colors_info=&#187;{}&#187;][\/et_pb_image][\/et_pb_column][et_pb_column type=&#187;1_5&#8243; _builder_version=&#187;4.16&#8243; global_colors_info=&#187;{}&#187;][et_pb_image src=&#187;https:\/\/www.ganes.cz\/wp-content\/uploads\/logo-04.png&#187; _builder_version=&#187;4.16&#8243; box_shadow_style=&#187;preset3&#8243; global_colors_info=&#187;{}&#187;][\/et_pb_image][et_pb_image src=&#187;https:\/\/www.ganes.cz\/wp-content\/uploads\/logo-09.png&#187; _builder_version=&#187;4.16&#8243; box_shadow_style=&#187;preset3&#8243; global_colors_info=&#187;{}&#187;][\/et_pb_image][et_pb_image src=&#187;https:\/\/www.ganes.cz\/wp-content\/uploads\/logo-15.png&#187; _builder_version=&#187;4.16&#8243; box_shadow_style=&#187;preset3&#8243; global_colors_info=&#187;{}&#187;][\/et_pb_image][et_pb_image src=&#187;https:\/\/www.ganes.cz\/wp-content\/uploads\/logo-19.png&#187; _builder_version=&#187;4.16&#8243; box_shadow_style=&#187;preset3&#8243; global_colors_info=&#187;{}&#187;][\/et_pb_image][\/et_pb_column][et_pb_column type=&#187;1_5&#8243; _builder_version=&#187;4.16&#8243; global_colors_info=&#187;{}&#187;][et_pb_image src=&#187;https:\/\/www.ganes.cz\/wp-content\/uploads\/logo-05.jpg&#187; _builder_version=&#187;4.16&#8243; box_shadow_style=&#187;preset3&#8243; global_colors_info=&#187;{}&#187;][\/et_pb_image][et_pb_image src=&#187;https:\/\/www.ganes.cz\/wp-content\/uploads\/logo-10.jpg&#187; _builder_version=&#187;4.16&#8243; box_shadow_style=&#187;preset3&#8243; global_colors_info=&#187;{}&#187;][\/et_pb_image][et_pb_image src=&#187;https:\/\/www.ganes.cz\/wp-content\/uploads\/logo-14.png&#187; _builder_version=&#187;4.16&#8243; box_shadow_style=&#187;preset3&#8243; global_colors_info=&#187;{}&#187;][\/et_pb_image][et_pb_image src=&#187;https:\/\/www.ganes.cz\/wp-content\/uploads\/logo-20.jpg&#187; _builder_version=&#187;4.16&#8243; box_shadow_style=&#187;preset3&#8243; global_colors_info=&#187;{}&#187;][\/et_pb_image][\/et_pb_column][\/et_pb_row][et_pb_row _builder_version=&#187;4.16&#8243; global_colors_info=&#187;{}&#187;][et_pb_column type=&#187;4_4&#8243; _builder_version=&#187;4.16&#8243; global_colors_info=&#187;{}&#187;][et_pb_text _builder_version=&#187;4.27.4&#8243; hover_enabled=&#187;0&#8243; global_colors_info=&#187;{}&#187; sticky_enabled=&#187;0&#8243;]<\/p>\n<blockquote>\n<h2>\u041e\u0431\u043e\u0440\u0443\u0434\u043e\u0432\u0430\u043d\u0438\u0435 \u0434\u043b\u044f \u043e\u0431\u0440\u0430\u0431\u043e\u0442\u043a\u0438 \u043f\u043e\u0432\u0435\u0440\u0445\u043d\u043e\u0441\u0442\u0438<\/h2>\n<\/blockquote>\n<p>[\/et_pb_text][\/et_pb_column][\/et_pb_row][et_pb_row _builder_version=&#187;4.16&#8243; global_colors_info=&#187;{}&#187;][et_pb_column type=&#187;4_4&#8243; _builder_version=&#187;4.16&#8243; global_colors_info=&#187;{}&#187;][et_pb_gallery gallery_ids=&#187;10262,10263,10264,10265,10266,10267,10268,10269,10270,10271,10272,10273,10274,10275,10276,10277,10278,10279,10280,10281,10282,10283,10284,10285,10286,10287,10288,10289,10290,10291&#8243; posts_number=&#187;30&#8243; show_title_and_caption=&#187;off&#187; show_pagination=&#187;off&#187; hover_icon=&#187;&#x2e;||divi||400&#8243; _builder_version=&#187;4.16&#8243; custom_css_gallery_item=&#187;width: 16.66% !important;||margin: 0 !important;||clear: none !important;&#187; global_colors_info=&#187;{}&#187;][\/et_pb_gallery][\/et_pb_column][\/et_pb_row][et_pb_row _builder_version=&#187;4.16&#8243; background_size=&#187;initial&#187; background_position=&#187;top_left&#187; background_repeat=&#187;repeat&#187; global_colors_info=&#187;{}&#187;][et_pb_column type=&#187;4_4&#8243; _builder_version=&#187;4.16&#8243; custom_padding=&#187;|||&#187; global_colors_info=&#187;{}&#187; custom_padding__hover=&#187;|||&#187;][et_pb_text _builder_version=&#187;4.27.4&#8243; hover_enabled=&#187;0&#8243; global_colors_info=&#187;{}&#187; sticky_enabled=&#187;0&#8243;]<\/p>\n<blockquote>\n<h2>\u041e\u0431\u043e\u0440\u0443\u0434\u043e\u0432\u0430\u043d\u0438\u0435 \u0434\u043b\u044f \u0443\u043f\u0440\u0430\u0432\u043b\u0435\u043d\u0438\u044f \u043c\u0435\u0442\u0430\u043b\u043b\u0438\u0447\u0435\u0441\u043a\u043e\u0439 \u0441\u0442\u0440\u0443\u0436\u043a\u043e\u0439<\/h2>\n<\/blockquote>\n<p>[\/et_pb_text][\/et_pb_column][\/et_pb_row][et_pb_row _builder_version=&#187;4.16&#8243; global_colors_info=&#187;{}&#187;][et_pb_column type=&#187;4_4&#8243; _builder_version=&#187;4.16&#8243; global_colors_info=&#187;{}&#187;][et_pb_gallery gallery_ids=&#187;10358,10359,10360,10361,10362,10363,10364,10365,10366,10367,10368,10369,10370,10371,10372,10373,10374,10375,10376,10377,10378,10379,10380,10381,10382,10383,10384,10385,10386,10387&#8243; posts_number=&#187;30&#8243; show_title_and_caption=&#187;off&#187; show_pagination=&#187;off&#187; hover_icon=&#187;&#x2e;||divi||400&#8243; _builder_version=&#187;4.16&#8243; custom_css_gallery_item=&#187;width: 16.66% !important;||margin: 0 !important;||clear: none !important;&#187; global_colors_info=&#187;{}&#187;][\/et_pb_gallery][\/et_pb_column][\/et_pb_row][\/et_pb_section]<\/p>\n","protected":false},"excerpt":{"rendered":"<p>\u0420\u0435\u0444\u0435\u0440\u0435\u043d\u0446\u0438\u0438 \u041e\u0431\u043e\u0440\u0443\u0434\u043e\u0432\u0430\u043d\u0438\u0435 \u0434\u043b\u044f \u043e\u0431\u0440\u0430\u0431\u043e\u0442\u043a\u0438 \u043f\u043e\u0432\u0435\u0440\u0445\u043d\u043e\u0441\u0442\u0438 \u041e\u0431\u043e\u0440\u0443\u0434\u043e\u0432\u0430\u043d\u0438\u0435 \u0434\u043b\u044f \u0443\u043f\u0440\u0430\u0432\u043b\u0435\u043d\u0438\u044f \u043c\u0435\u0442\u0430\u043b\u043b\u0438\u0447\u0435\u0441\u043a\u043e\u0439 \u0441\u0442\u0440\u0443\u0436\u043a\u043e\u0439<\/p>\n","protected":false},"author":1,"featured_media":0,"parent":0,"menu_order":0,"comment_status":"closed","ping_status":"closed","template":"","meta":{"_et_pb_use_builder":"on","_et_pb_old_content":"<p>[et_pb_section fb_built=\"1\" _builder_version=\"3.22\"][et_pb_row _builder_version=\"3.25\" background_size=\"initial\" background_position=\"top_left\" background_repeat=\"repeat\"][et_pb_column type=\"4_4\" _builder_version=\"3.25\" custom_padding=\"|||\" custom_padding__hover=\"|||\"][et_pb_text _builder_version=\"3.27.4\" header_font=\"|600||on|||||\" background_size=\"initial\" background_position=\"top_left\" background_repeat=\"repeat\" text_orientation=\"center\" text_text_align=\"center\"]<\/p><h1>Reference<\/h1><p>[\/et_pb_text][et_pb_divider color=\"#6DB457\" divider_weight=\"3px\" _builder_version=\"3.27.1\" width=\"10%\" module_alignment=\"center\" global_module=\"128\" saved_tabs=\"all\"][\/et_pb_divider][\/et_pb_column][\/et_pb_row][et_pb_row column_structure=\"1_5,1_5,1_5,1_5,1_5\" _builder_version=\"4.2.2\"][et_pb_column type=\"1_5\" _builder_version=\"4.2.2\"][et_pb_image src=\"https:\/\/www.ganes.cz\/wp-content\/uploads\/logo-01.png\" _builder_version=\"4.2.2\" box_shadow_style=\"preset3\"][\/et_pb_image][et_pb_image src=\"https:\/\/www.ganes.cz\/wp-content\/uploads\/logo-06.png\" _builder_version=\"4.2.2\" box_shadow_style=\"preset3\"][\/et_pb_image][et_pb_image src=\"https:\/\/www.ganes.cz\/wp-content\/uploads\/logo-11.png\" _builder_version=\"4.2.2\" box_shadow_style=\"preset3\"][\/et_pb_image][et_pb_image src=\"https:\/\/www.ganes.cz\/wp-content\/uploads\/logo-16.png\" _builder_version=\"4.2.2\" box_shadow_style=\"preset3\"][\/et_pb_image][\/et_pb_column][et_pb_column type=\"1_5\" _builder_version=\"4.2.2\"][et_pb_image src=\"https:\/\/www.ganes.cz\/wp-content\/uploads\/logo-02.jpg\" _builder_version=\"4.2.2\" box_shadow_style=\"preset3\"][\/et_pb_image][et_pb_image src=\"https:\/\/www.ganes.cz\/wp-content\/uploads\/logo-07.png\" _builder_version=\"4.2.2\" box_shadow_style=\"preset3\"][\/et_pb_image][et_pb_image src=\"https:\/\/www.ganes.cz\/wp-content\/uploads\/logo-12.png\" _builder_version=\"4.2.2\" hover_enabled=\"0\" box_shadow_style=\"preset3\"][\/et_pb_image][et_pb_image src=\"https:\/\/www.ganes.cz\/wp-content\/uploads\/logo-17.png\" _builder_version=\"4.2.2\" box_shadow_style=\"preset3\"][\/et_pb_image][\/et_pb_column][et_pb_column type=\"1_5\" _builder_version=\"4.2.2\"][et_pb_image src=\"https:\/\/www.ganes.cz\/wp-content\/uploads\/logo-03.png\" _builder_version=\"4.2.2\" box_shadow_style=\"preset3\"][\/et_pb_image][et_pb_image src=\"https:\/\/www.ganes.cz\/wp-content\/uploads\/logo-08.png\" _builder_version=\"4.2.2\" box_shadow_style=\"preset3\"][\/et_pb_image][et_pb_image src=\"https:\/\/www.ganes.cz\/wp-content\/uploads\/logo-13.jpg\" _builder_version=\"4.2.2\" box_shadow_style=\"preset3\"][\/et_pb_image][et_pb_image src=\"https:\/\/www.ganes.cz\/wp-content\/uploads\/logo-18.png\" _builder_version=\"4.2.2\" box_shadow_style=\"preset3\"][\/et_pb_image][\/et_pb_column][et_pb_column type=\"1_5\" _builder_version=\"4.2.2\"][et_pb_image src=\"https:\/\/www.ganes.cz\/wp-content\/uploads\/logo-04.png\" _builder_version=\"4.2.2\" box_shadow_style=\"preset3\"][\/et_pb_image][et_pb_image src=\"https:\/\/www.ganes.cz\/wp-content\/uploads\/logo-09.png\" _builder_version=\"4.2.2\" box_shadow_style=\"preset3\"][\/et_pb_image][et_pb_image src=\"https:\/\/www.ganes.cz\/wp-content\/uploads\/logo-15.png\" _builder_version=\"4.2.2\" box_shadow_style=\"preset3\"][\/et_pb_image][et_pb_image src=\"https:\/\/www.ganes.cz\/wp-content\/uploads\/logo-19.png\" _builder_version=\"4.2.2\" box_shadow_style=\"preset3\"][\/et_pb_image][\/et_pb_column][et_pb_column type=\"1_5\" _builder_version=\"4.2.2\"][et_pb_image src=\"https:\/\/www.ganes.cz\/wp-content\/uploads\/logo-05.jpg\" _builder_version=\"4.2.2\" box_shadow_style=\"preset3\"][\/et_pb_image][et_pb_image src=\"https:\/\/www.ganes.cz\/wp-content\/uploads\/logo-10.jpg\" _builder_version=\"4.2.2\" box_shadow_style=\"preset3\"][\/et_pb_image][et_pb_image src=\"https:\/\/www.ganes.cz\/wp-content\/uploads\/logo-14.png\" _builder_version=\"4.2.2\" box_shadow_style=\"preset3\"][\/et_pb_image][et_pb_image src=\"https:\/\/www.ganes.cz\/wp-content\/uploads\/logo-20.jpg\" _builder_version=\"4.2.2\" box_shadow_style=\"preset3\"][\/et_pb_image][\/et_pb_column][\/et_pb_row][et_pb_row _builder_version=\"4.2.2\"][et_pb_column type=\"4_4\" _builder_version=\"4.2.2\"][et_pb_text _builder_version=\"4.2.2\"]<\/p><blockquote><h2>Za\u0159\u00edzen\u00ed pro povrchov\u00e9 \u00fapravy<\/h2><\/blockquote><p>Mezi odb\u011bratele na\u0161ich za\u0159\u00edzen\u00ed z t\u00e9to oblasti pat\u0159\u00ed nap\u0159\u00edklad n\u00e1sleduj\u00edc\u00ed v\u00fdb\u011br z\u00e1kazn\u00edk\u016f:<\/p><p>[\/et_pb_text][\/et_pb_column][\/et_pb_row][et_pb_row column_structure=\"1_3,1_3,1_3\" _builder_version=\"4.0.2\"][et_pb_column type=\"1_3\" _builder_version=\"4.0.2\"][et_pb_text _builder_version=\"4.2.2\"]<\/p><p><strong>Brawe Kaplice<\/strong><br \/>Katafor\u00e9za<\/p><p><strong>Piston Ring Kom\u00e1rov<\/strong><br \/>Chromovna, Fosf\u00e1tovna<\/p><p><strong>Knorr Bremse Hejnice Liberec<\/strong><br \/>Zinkovna, Alu mo\u0159en\u00ed, zne\u0161kod\u0148ovac\u00ed stanice<\/p><p><strong>Bauer Obernzell (SRN)<\/strong><br \/>Chemick\u00fd nikl, Dacral<\/p><p><strong>Otec Jordan Olbernhau (SRN)<br \/><\/strong>Anafor\u00e9za<\/p><p><strong>DUO Opo\u010dno<\/strong><br \/>galvanizovna + zne\u0161kod\u0148ovac\u00ed stanice<\/p><p><strong>Galva Prost\u011bjov<\/strong><br \/>zinkovac\u00ed linky<\/p><p><strong>Jihostroj Vele\u0161\u00edn<\/strong><br \/>Galvanizovna + zne\u0161kod\u0148ovac\u00ed stanice<\/p><p><strong> Mora Aerospace Mari\u00e1nsk\u00e9 \u00dadol\u00ed<\/strong><br \/>mo\u0159\u00edrna nerezu, eloxovac\u00ed linka, Ni-linka<\/p><p><strong> Kermi St\u0159\u00edbro<\/strong><br \/>anafor\u00e9za<\/p><p><strong>Primossa Praha<\/strong><br \/>zne\u0161kod\u0148ovac\u00ed stanice<\/p><p><strong>John Deere Bruchsal (SRN)<\/strong><br \/>katafor\u00e9za<\/p><p><strong> \u0160roub\u00e1rna Turnov\/\u017datec<\/strong><br \/>odma\u0161\u0165ovac\u00ed linka<\/p><p>[\/et_pb_text][\/et_pb_column][et_pb_column type=\"1_3\" _builder_version=\"4.0.2\"][et_pb_text _builder_version=\"4.2.2\"]<\/p><p><strong> Reisinger Nittenau (SRN)<\/strong><br \/>katafor\u00e9za<\/p><p><strong> Xray Tren\u010d\u00edn (SK)<\/strong><br \/>tvrd\u00fd elox<\/p><p><strong> MS Technik Ro\u017enov p\/R<\/strong><br \/>Zinkovac\u00ed linka<\/p><p><strong> StimZet Vset\u00edn<\/strong><br \/>louhovac\u00ed linka+ zne\u0161kod\u0148ovac\u00ed stanice<\/p><p><strong> Hern N\u00e1mestovo (SK)<\/strong><br \/>Zinkovac\u00ed linka<\/p><p><strong> Lisi \u010cej\u010d<\/strong><br \/>Fosf\u00e1tovna + zne\u0161kod\u0148ovac\u00ed stanice<\/p><p><strong> Galmm Ru\u017eomberok (SK)<\/strong><br \/>C\u00ednovac\u00ed a zinkovac\u00ed linky<\/p><p><strong> Aero Vodochody<\/strong><br \/>Ellyt. le\u0161t\u011bn\u00ed nerezu<\/p><p><strong> Elbit Bacau (RO)<\/strong><br \/>Linka Nittal<\/p><p><strong> Kinex Byt\u010da (SK)<\/strong><br \/>Linka Nittal<\/p><p><strong> HDO SK Myjava (SK)<\/strong><br \/>Ni linka<\/p><p><strong> Denas D\u011b\u010d\u00edn<\/strong><br \/>Tvrd\u00fd + dekorativn\u00ed elox<\/p><p><strong> Sellier Bellot Vla\u0161im<\/strong><br \/>Fosf\u00e1tovac\u00ed linka<\/p><p>[\/et_pb_text][\/et_pb_column][et_pb_column type=\"1_3\" _builder_version=\"4.0.2\"][et_pb_text _builder_version=\"4.2.2\"]<\/p><p><strong> Wera Werk Byst\u0159ice n\/P<\/strong><br \/>Niklovac\u00ed linka, konzerva\u010dn\u00ed linka<\/p><p><strong> Cannor Pre\u0161ov<\/strong><br \/>Zne\u0161kod\u0148ovac\u00ed stanice<\/p><p><strong> Brose Coburg (SRN)<\/strong><br \/>Katafor\u00e9za<\/p><p><strong> Castle Malkov<\/strong><br \/>Tvrd\u00fd elox<\/p><p><strong> IGW Rzeszow (Pl)<\/strong><br \/>Linka Nittal<\/p><p><strong> SAF Kamenice<\/strong><br \/>Linky \u00fapravy hlin\u00edku<\/p><p><strong> Lange Essenbach (SRN)<\/strong><br \/>Katafor\u00e9za<\/p><p><strong> Constellium D\u011b\u010d\u00edn<\/strong><br \/>Mo\u0159en\u00ed hlin\u00edku<\/p><p><strong> Vape Krom\u011b\u0159\u00ed\u017e<\/strong><br \/>Fosf\u00e1tovna + Zne\u0161kod\u0148ovac\u00ed stanice<\/p><p><strong> DI Industrial Brno<\/strong><br \/>\u010cern\u00edc\u00ed linka<\/p><p><strong> Kdynium Kdyn\u011b<\/strong><br \/>Louhovac\u00ed linka<\/p><p><strong> Hartchrom Haslinger Linz (A)<\/strong><br \/>Ni Strike<\/p><p><strong> ZF Jablonec<\/strong><br \/>Zn linka<\/p><p>[\/et_pb_text][\/et_pb_column][\/et_pb_row][et_pb_row _builder_version=\"4.2.2\"][et_pb_column type=\"4_4\" _builder_version=\"4.2.2\"][et_pb_gallery gallery_ids=\"10262,10263,10264,10265,10266,10267,10268,10269,10270,10271,10272,10273,10274,10275,10276,10277,10278,10279,10280,10281,10282,10283,10284,10285,10286,10287,10288,10289,10290,10291\" posts_number=\"30\" show_title_and_caption=\"off\" show_pagination=\"off\" hover_icon=\"%%13%%\" _builder_version=\"4.2.2\" custom_css_gallery_item=\"width: 16.66% !important;||margin: 0 !important;||clear: none !important;\"][\/et_pb_gallery][\/et_pb_column][\/et_pb_row][et_pb_row _builder_version=\"3.25\" background_size=\"initial\" background_position=\"top_left\" background_repeat=\"repeat\"][et_pb_column type=\"4_4\" _builder_version=\"3.25\" custom_padding=\"|||\" custom_padding__hover=\"|||\"][et_pb_text _builder_version=\"4.2.2\"]<\/p><blockquote><h2>Za\u0159\u00edzen\u00ed pro t\u0159\u00edskov\u00e9 hospod\u00e1\u0159stv\u00ed<\/h2><\/blockquote><p>Mezi odb\u011bratele na\u0161ich za\u0159\u00edzen\u00ed z t\u00e9to oblasti pat\u0159\u00ed nap\u0159\u00edklad n\u00e1sleduj\u00edc\u00ed v\u00fdb\u011br z\u00e1kazn\u00edk\u016f:<\/p><p>[\/et_pb_text][\/et_pb_column][\/et_pb_row][et_pb_row column_structure=\"1_3,1_3,1_3\" _builder_version=\"4.0.2\"][et_pb_column type=\"1_3\" _builder_version=\"4.0.2\"][et_pb_text _builder_version=\"4.2.2\"]<\/p><p><strong>Brom T\u00fdn n\/Vlt<\/strong><br \/>su\u0161en\u00ed Ms t\u0159\u00edsek<\/p><p><strong> Ronal Ji\u010d\u00edn<\/strong><br \/>su\u0161en\u00ed Alu t\u0159\u00edsek<\/p><p><strong> Ronal Pardubice<\/strong><br \/>su\u0161en\u00ed Alu t\u0159\u00edsek<\/p><p><strong> ZF Rychnov u J.<\/strong><br \/>su\u0161en\u00ed litinov\u00fdch t\u0159\u00edsek<\/p><p><strong> Kovo\u0161rot Liberec<\/strong><br \/>drcen\u00ed a briketov\u00e1n\u00ed Alu t\u0159\u00edsek<\/p><p><strong> Hutzel Kl\u00e1\u0161terec n\/O<\/strong><br \/>su\u0161en\u00ed Ms a nerez t\u0159\u00edsek<\/p><p><strong> BD Sensors Buchlovice<\/strong><br \/>drcen\u00ed a briketov\u00e1n\u00ed nerez. t\u0159\u00edsek<\/p><p><strong> Adoz Byst\u0159ice n\/P<\/strong><br \/>su\u0161en\u00ed Ms t\u0159\u00edsek<\/p><p><strong> Maxion Wheels Cz Ostrava<\/strong><br \/>su\u0161en\u00ed Alu t\u0159\u00edsek<\/p><p><strong> MT Comax Velvary<\/strong><br \/>drcen\u00ed, odst\u0159e\u010fov\u00e1n\u00ed a briketov\u00e1n\u00ed Alu t\u0159\u00edsek<\/p><p><strong> Nemak \u017diar n\/H (SK)<\/strong><br \/>doprava Alu t\u0159\u00edsek<\/p><p><strong> ZF Trnava (SK)<\/strong><br \/>drcen\u00ed a odst\u0159e\u010fov\u00e1n\u00ed Fe t\u0159\u00edsek<\/p><p>[\/et_pb_text][\/et_pb_column][et_pb_column type=\"1_3\" _builder_version=\"4.0.2\"][et_pb_text _builder_version=\"4.2.2\"]<\/p><p><strong> Aoki Dubnica (SK)<\/strong><br \/>drcen\u00ed a odst\u0159e\u010fov\u00e1n\u00ed Fe t\u0159\u00edsek<\/p><p><strong> Burgmaier B. Bystrica (SK)<\/strong><br \/>drcen\u00ed a odst\u0159e\u010fov\u00e1n\u00ed Fe t\u0159\u00edsek<\/p><p><strong> Kolbenschmidt Trmice<\/strong><br \/>su\u0161en\u00ed Alu t\u0159\u00edsek<\/p><p><strong> Koltech Racziborz (Pl)<\/strong><br \/>drcen\u00ed Fe t\u0159\u00edsek<\/p><p><strong> Bosch Diesel Jihlava<\/strong><br \/>drcen\u00ed a odst\u0159e\u010fov\u00e1n\u00ed Fe t\u0159\u00edsek v\u00edcen\u00e1sobn\u00e9<\/p><p><strong> Z\u00e1les\u00ed Luha\u010dovice<\/strong><br \/>drcen\u00ed a odst\u0159e\u010fov\u00e1n\u00ed Fe t\u0159\u00edsek<\/p><p><strong> Lisi \u010cej\u010d<\/strong><br \/>Odolejov\u00e1n\u00ed \u010dep\u016f<\/p><p><strong> \u010cesk\u00e1 Zbrojovka U. Brod<\/strong><br \/>drcen\u00ed a odst\u0159e\u010fov\u00e1n\u00ed Alu t\u0159\u00edsek<\/p><p><strong> Novibra Boskovice<\/strong><br \/>su\u0161en\u00ed Fe t\u0159\u00edsek<\/p><p><strong> THK Rhyth ACz Da\u010dice<\/strong><br \/>drcen\u00ed a odst\u0159e\u010fov\u00e1n\u00ed Fe t\u0159\u00edsek<\/p><p><strong> Daido Metal Brno<\/strong><br \/>su\u0161en\u00ed Ms t\u0159\u00edsek<\/p><p><strong> Continental Zvolen (SK)<\/strong><br \/>su\u0161en\u00ed Fe a litinov\u00fdch t\u0159\u00edsek<\/p><p>[\/et_pb_text][\/et_pb_column][et_pb_column type=\"1_3\" _builder_version=\"4.0.2\"][et_pb_text _builder_version=\"4.2.2\"]<\/p><p><strong>\u0160koda Auto M. Boleslav<br \/><\/strong>su\u0161en\u00ed Fe a litinov\u00fdch t\u0159\u00edsek<\/p><p><strong> TRW Gliwice (Pl)<\/strong><br \/>drcen\u00ed a briketov\u00e1n\u00ed Alu t\u0159\u00edsek<\/p><p><strong> Schmolz+Bieckenbach M. P\u00edsek<\/strong><br \/>su\u0161en\u00ed Fe t\u0159\u00edsek<\/p><p><strong> Alcaplast B\u0159eclav<\/strong><br \/>su\u0161en\u00ed Ms t\u0159\u00edsek<\/p><p><strong> Kovosvit S. \u00dast\u00ed<\/strong><br \/>briketov\u00e1n\u00ed Alu t\u0159\u00edsek<\/p><p><strong> MaV Vset\u00edn<\/strong><br \/>filtrace brusn\u00e9ho oleje<\/p><p><strong> Brabant Strakonice<\/strong><br \/>su\u0161en\u00ed Alu t\u0159\u00edsek<\/p><p><strong> Magna Cartech \u010c. Velenice<\/strong><br \/>odolejov\u00e1n\u00ed v\u00fdlisk\u016f<\/p><p><strong> Volkswagen SK Martin<\/strong><br \/>drcen\u00ed a odst\u0159e\u010fov\u00e1n\u00ed Fe t\u0159\u00edsek, su\u0161en\u00ed litinov\u00fdch t\u0159\u00edsek<\/p><p><strong> Steeltec Ostrava<\/strong><br \/>su\u0161en\u00ed Fe t\u0159\u00edsek<\/p><p><strong> Stoli\u010dka Olomouc<\/strong><br \/>drcen\u00ed a briketov\u00e1n\u00ed Alu t\u0159\u00edsek<\/p><p>[\/et_pb_text][\/et_pb_column][\/et_pb_row][et_pb_row _builder_version=\"4.2.2\"][et_pb_column type=\"4_4\" _builder_version=\"4.2.2\"][et_pb_gallery gallery_ids=\"10358,10359,10360,10361,10362,10363,10364,10365,10366,10367,10368,10369,10370,10371,10372,10373,10374,10375,10376,10377,10378,10379,10380,10381,10382,10383,10384,10385,10386,10387\" posts_number=\"30\" show_title_and_caption=\"off\" show_pagination=\"off\" hover_icon=\"%%13%%\" _builder_version=\"4.2.2\" custom_css_gallery_item=\"width: 16.66% !important;||margin: 0 !important;||clear: none !important;\"][\/et_pb_gallery][\/et_pb_column][\/et_pb_row][\/et_pb_section]<\/p>","_et_gb_content_width":"","footnotes":""},"class_list":["post-10975","page","type-page","status-publish","hentry"],"_links":{"self":[{"href":"https:\/\/www.ganes.cz\/ru\/wp-json\/wp\/v2\/pages\/10975","targetHints":{"allow":["GET"]}}],"collection":[{"href":"https:\/\/www.ganes.cz\/ru\/wp-json\/wp\/v2\/pages"}],"about":[{"href":"https:\/\/www.ganes.cz\/ru\/wp-json\/wp\/v2\/types\/page"}],"author":[{"embeddable":true,"href":"https:\/\/www.ganes.cz\/ru\/wp-json\/wp\/v2\/users\/1"}],"replies":[{"embeddable":true,"href":"https:\/\/www.ganes.cz\/ru\/wp-json\/wp\/v2\/comments?post=10975"}],"version-history":[{"count":1,"href":"https:\/\/www.ganes.cz\/ru\/wp-json\/wp\/v2\/pages\/10975\/revisions"}],"predecessor-version":[{"id":12082,"href":"https:\/\/www.ganes.cz\/ru\/wp-json\/wp\/v2\/pages\/10975\/revisions\/12082"}],"wp:attachment":[{"href":"https:\/\/www.ganes.cz\/ru\/wp-json\/wp\/v2\/media?parent=10975"}],"curies":[{"name":"wp","href":"https:\/\/api.w.org\/{rel}","templated":true}]}}